{"id":7,"date":"2013-06-06T13:50:28","date_gmt":"2013-06-06T11:50:28","guid":{"rendered":"http:\/\/test.dgq.de:8080\/?page_id=7"},"modified":"2026-02-04T11:20:54","modified_gmt":"2026-02-04T10:20:54","slug":"contact","status":"publish","type":"page","link":"https:\/\/www.dgq.de\/en\/contact\/","title":{"rendered":"Contact"},"content":{"rendered":"<p class=\"lead\">Haben Sie Fragen oder w\u00fcnschen Sie eine pers\u00f6nliche Beratung? Zum Beispiel zu einem Training oder Ihrer Mitgliedschaft? Dann setzen Sie sich gern jederzeit mit uns in Verbindung.<\/p>\n<p>Bitte nennen Sie uns Ihre Kontaktdaten \u2013 auch wenn Sie bereits Kunde oder Mitglied sind \u2013 und senden Sie uns eine Nachricht. Wir k\u00fcmmern uns schnellstm\u00f6glich um Ihr Anliegen. Vielen Dank.<\/p>\n<p>&nbsp;<\/p>\n","protected":false},"excerpt":{"rendered":"<p>Haben Sie Fragen oder w\u00fcnschen Sie eine pers\u00f6nliche Beratung? Zum Beispiel zu einem Training oder Ihrer Mitgliedschaft? Dann setzen Sie sich gern jederzeit mit uns in Verbindung. Bitte nennen Sie uns Ihre Kontaktdaten \u2013 auch wenn Sie bereits Kunde oder Mitglied sind \u2013 und senden Sie uns eine Nachricht. Wir k\u00fcmmern uns schnellstm\u00f6glich um Ihr Anliegen. Vielen Dank. &nbsp;<\/p>\n","protected":false},"author":11,"featured_media":0,"parent":0,"menu_order":38,"comment_status":"closed","ping_status":"closed","template":"","meta":{"_acf_changed":false,"episode_type":"","audio_file":"","podmotor_file_id":"","podmotor_episode_id":"","cover_image":"","cover_image_id":"","duration":"","filesize":"","filesize_raw":"","date_recorded":"","explicit":"","block":"","itunes_episode_number":"","itunes_title":"","itunes_season_number":"","itunes_episode_type":"","_glsr_average":0,"_glsr_ranking":0,"_glsr_reviews":0,"footnotes":""},"tags":[],"class_list":["post-7","page","type-page","status-publish","hentry"],"acf":[],"yoast_head":"<!-- This site is optimized with the Yoast SEO Premium plugin v27.3 (Yoast SEO v27.3) - https:\/\/yoast.com\/product\/yoast-seo-premium-wordpress\/ -->\n<title>Contact - Deutsche Gesellschaft f\u00fcr Qualit\u00e4t<\/title>\n<meta name=\"robots\" content=\"index, follow, max-snippet:-1, max-image-preview:large, max-video-preview:-1\" \/>\n<link rel=\"canonical\" href=\"https:\/\/www.dgq.de\/en\/contact\/\" \/>\n<meta property=\"og:locale\" content=\"en_US\" \/>\n<meta property=\"og:type\" content=\"article\" \/>\n<meta property=\"og:title\" content=\"Contact\" \/>\n<meta property=\"og:description\" content=\"Haben Sie Fragen oder w\u00fcnschen Sie eine pers\u00f6nliche Beratung? Zum Beispiel zu einem Training oder Ihrer Mitgliedschaft? Dann setzen Sie sich gern jederzeit mit uns in Verbindung. Bitte nennen Sie uns Ihre Kontaktdaten \u2013 auch wenn Sie bereits Kunde oder Mitglied sind \u2013 und senden Sie uns eine Nachricht. Wir k\u00fcmmern uns schnellstm\u00f6glich um Ihr Anliegen. Vielen Dank. &nbsp;\" \/>\n<meta property=\"og:url\" content=\"https:\/\/www.dgq.de\/en\/contact\/\" \/>\n<meta property=\"og:site_name\" content=\"Deutsche Gesellschaft f\u00fcr Qualit\u00e4t\" \/>\n<meta property=\"article:modified_time\" content=\"2026-02-04T10:20:54+00:00\" \/>\n<meta name=\"twitter:card\" content=\"summary_large_image\" \/>\n<meta name=\"twitter:label1\" content=\"Est. reading time\" \/>\n\t<meta name=\"twitter:data1\" content=\"1 minute\" \/>\n<script type=\"application\/ld+json\" class=\"yoast-schema-graph\">{\"@context\":\"https:\\\/\\\/schema.org\",\"@graph\":[{\"@type\":\"WebPage\",\"@id\":\"https:\\\/\\\/www.dgq.de\\\/en\\\/contact\\\/\",\"url\":\"https:\\\/\\\/www.dgq.de\\\/en\\\/contact\\\/\",\"name\":\"Contact - Deutsche Gesellschaft f\u00fcr Qualit\u00e4t\",\"isPartOf\":{\"@id\":\"https:\\\/\\\/www.dgq.de\\\/en\\\/#website\"},\"datePublished\":\"2013-06-06T11:50:28+00:00\",\"dateModified\":\"2026-02-04T10:20:54+00:00\",\"breadcrumb\":{\"@id\":\"https:\\\/\\\/www.dgq.de\\\/en\\\/contact\\\/#breadcrumb\"},\"inLanguage\":\"en-US\",\"potentialAction\":[{\"@type\":\"ReadAction\",\"target\":[\"https:\\\/\\\/www.dgq.de\\\/en\\\/contact\\\/\"]}]},{\"@type\":\"BreadcrumbList\",\"@id\":\"https:\\\/\\\/www.dgq.de\\\/en\\\/contact\\\/#breadcrumb\",\"itemListElement\":[{\"@type\":\"ListItem\",\"position\":1,\"name\":\"Startseite\",\"item\":\"https:\\\/\\\/www.dgq.de\\\/en\\\/\"},{\"@type\":\"ListItem\",\"position\":2,\"name\":\"Contact\"}]},{\"@type\":\"WebSite\",\"@id\":\"https:\\\/\\\/www.dgq.de\\\/en\\\/#website\",\"url\":\"https:\\\/\\\/www.dgq.de\\\/en\\\/\",\"name\":\"Deutsche Gesellschaft f\u00fcr Qualit\u00e4t\",\"description\":\"Deutsche Gesellschaft f\u00fcr Qualit\u00e4t\",\"potentialAction\":[{\"@type\":\"SearchAction\",\"target\":{\"@type\":\"EntryPoint\",\"urlTemplate\":\"https:\\\/\\\/www.dgq.de\\\/en\\\/?s={search_term_string}\"},\"query-input\":{\"@type\":\"PropertyValueSpecification\",\"valueRequired\":true,\"valueName\":\"search_term_string\"}}],\"inLanguage\":\"en-US\"}]}<\/script>\n<!-- \/ Yoast SEO Premium plugin. -->","yoast_head_json":{"title":"Contact - Deutsche Gesellschaft f\u00fcr Qualit\u00e4t","robots":{"index":"index","follow":"follow","max-snippet":"max-snippet:-1","max-image-preview":"max-image-preview:large","max-video-preview":"max-video-preview:-1"},"canonical":"https:\/\/www.dgq.de\/en\/contact\/","og_locale":"en_US","og_type":"article","og_title":"Contact","og_description":"Haben Sie Fragen oder w\u00fcnschen Sie eine pers\u00f6nliche Beratung? Zum Beispiel zu einem Training oder Ihrer Mitgliedschaft? Dann setzen Sie sich gern jederzeit mit uns in Verbindung. Bitte nennen Sie uns Ihre Kontaktdaten \u2013 auch wenn Sie bereits Kunde oder Mitglied sind \u2013 und senden Sie uns eine Nachricht. Wir k\u00fcmmern uns schnellstm\u00f6glich um Ihr Anliegen. Vielen Dank. &nbsp;","og_url":"https:\/\/www.dgq.de\/en\/contact\/","og_site_name":"Deutsche Gesellschaft f\u00fcr Qualit\u00e4t","article_modified_time":"2026-02-04T10:20:54+00:00","twitter_card":"summary_large_image","twitter_misc":{"Est. reading time":"1 minute"},"schema":{"@context":"https:\/\/schema.org","@graph":[{"@type":"WebPage","@id":"https:\/\/www.dgq.de\/en\/contact\/","url":"https:\/\/www.dgq.de\/en\/contact\/","name":"Contact - Deutsche Gesellschaft f\u00fcr Qualit\u00e4t","isPartOf":{"@id":"https:\/\/www.dgq.de\/en\/#website"},"datePublished":"2013-06-06T11:50:28+00:00","dateModified":"2026-02-04T10:20:54+00:00","breadcrumb":{"@id":"https:\/\/www.dgq.de\/en\/contact\/#breadcrumb"},"inLanguage":"en-US","potentialAction":[{"@type":"ReadAction","target":["https:\/\/www.dgq.de\/en\/contact\/"]}]},{"@type":"BreadcrumbList","@id":"https:\/\/www.dgq.de\/en\/contact\/#breadcrumb","itemListElement":[{"@type":"ListItem","position":1,"name":"Startseite","item":"https:\/\/www.dgq.de\/en\/"},{"@type":"ListItem","position":2,"name":"Contact"}]},{"@type":"WebSite","@id":"https:\/\/www.dgq.de\/en\/#website","url":"https:\/\/www.dgq.de\/en\/","name":"Deutsche Gesellschaft f\u00fcr Qualit\u00e4t","description":"Deutsche Gesellschaft f\u00fcr Qualit\u00e4t","potentialAction":[{"@type":"SearchAction","target":{"@type":"EntryPoint","urlTemplate":"https:\/\/www.dgq.de\/en\/?s={search_term_string}"},"query-input":{"@type":"PropertyValueSpecification","valueRequired":true,"valueName":"search_term_string"}}],"inLanguage":"en-US"}]}},"_links":{"self":[{"href":"https:\/\/www.dgq.de\/en\/wp-json\/wp\/v2\/pages\/7","targetHints":{"allow":["GET"]}}],"collection":[{"href":"https:\/\/www.dgq.de\/en\/wp-json\/wp\/v2\/pages"}],"about":[{"href":"https:\/\/www.dgq.de\/en\/wp-json\/wp\/v2\/types\/page"}],"author":[{"embeddable":true,"href":"https:\/\/www.dgq.de\/en\/wp-json\/wp\/v2\/users\/11"}],"replies":[{"embeddable":true,"href":"https:\/\/www.dgq.de\/en\/wp-json\/wp\/v2\/comments?post=7"}],"version-history":[{"count":2,"href":"https:\/\/www.dgq.de\/en\/wp-json\/wp\/v2\/pages\/7\/revisions"}],"predecessor-version":[{"id":16789,"href":"https:\/\/www.dgq.de\/en\/wp-json\/wp\/v2\/pages\/7\/revisions\/16789"}],"wp:attachment":[{"href":"https:\/\/www.dgq.de\/en\/wp-json\/wp\/v2\/media?parent=7"}],"wp:term":[{"taxonomy":"post_tag","embeddable":true,"href":"https:\/\/www.dgq.de\/en\/wp-json\/wp\/v2\/tags?post=7"}],"curies":[{"name":"wp","href":"https:\/\/api.w.org\/{rel}","templated":true}]}}