{"id":2385,"date":"2013-10-30T11:50:25","date_gmt":"2013-10-30T10:50:25","guid":{"rendered":"http:\/\/test.dgq.de:8080\/service\/impressum\/"},"modified":"2025-11-14T16:01:03","modified_gmt":"2025-11-14T15:01:03","slug":"imprint","status":"publish","type":"page","link":"https:\/\/www.dgq.de\/en\/community-and-membership\/membership\/imprint\/","title":{"rendered":"Imprint"},"content":{"rendered":"<h2>Deutsche Gesellschaft f\u00fcr Qualit\u00e4t e.V. (DGQ)<\/h2>\n<p>August-Schanz-Str. 21 A<br \/>\nD-60433 Frankfurt\/Main<br \/>\nTelefon +49 (0)69-9 54 24-0<br \/>\nFax +49 (0)69-9 54 24-133<br \/>\n<a href=\"mailto:info@dgq.de\">info@dgq.de<\/a><br \/>\n<a href=\"https:\/\/www.dgq.de\/\">https:\/\/www.dgq.de\/<\/a><\/p>\n<h2><strong>District Court:<\/strong><\/h2>\n<p>Amtsgericht Frankfurt am Main<br \/>\nRegistration Number: 73VR6283<br \/>\nUst-IdNr.: DE 114235893<\/p>\n<h2>Authorised Representative<\/h2>\n<p>Prof. Dr. Robert Schmitt, Pr\u00e4sident<br \/>\nDr. rer. nat. Norbert M. Gorny, Vizepr\u00e4sident<br \/>\nDeutsche Gesellschaft f\u00fcr Qualit\u00e4t e.V.<br \/>\nSitz Frankfurt am Main<\/p>\n","protected":false},"excerpt":{"rendered":"<p>Deutsche Gesellschaft f\u00fcr Qualit\u00e4t e.V. (DGQ) August-Schanz-Str. 21 A D-60433 Frankfurt\/Main Telefon +49 (0)69-9 54 24-0 Fax +49 (0)69-9 54 24-133 info@dgq.de https:\/\/www.dgq.de\/ District Court: Amtsgericht Frankfurt am Main Registration Number: 73VR6283 Ust-IdNr.: DE 114235893 Authorised Representative Prof. Dr. Robert Schmitt, Pr\u00e4sident Dr. rer. nat. Norbert M. Gorny, Vizepr\u00e4sident Deutsche Gesellschaft f\u00fcr Qualit\u00e4t e.V. Sitz Frankfurt am Main<\/p>\n","protected":false},"author":11,"featured_media":0,"parent":16834,"menu_order":23,"comment_status":"open","ping_status":"open","template":"","meta":{"_acf_changed":false,"episode_type":"","audio_file":"","podmotor_file_id":"","podmotor_episode_id":"","cover_image":"","cover_image_id":"","duration":"","filesize":"","filesize_raw":"","date_recorded":"","explicit":"","block":"","itunes_episode_number":"","itunes_title":"","itunes_season_number":"","itunes_episode_type":"","_glsr_average":0,"_glsr_ranking":0,"_glsr_reviews":0,"footnotes":""},"tags":[],"class_list":["post-2385","page","type-page","status-publish","hentry"],"acf":[],"yoast_head":"<!-- This site is optimized with the Yoast SEO Premium plugin v27.3 (Yoast SEO v27.3) - https:\/\/yoast.com\/product\/yoast-seo-premium-wordpress\/ -->\n<title>Imprint - Deutsche Gesellschaft f\u00fcr Qualit\u00e4t<\/title>\n<meta name=\"robots\" content=\"index, follow, max-snippet:-1, max-image-preview:large, max-video-preview:-1\" \/>\n<link rel=\"canonical\" href=\"https:\/\/www.dgq.de\/en\/community-and-membership\/membership\/imprint\/\" \/>\n<meta property=\"og:locale\" content=\"en_US\" \/>\n<meta property=\"og:type\" content=\"article\" \/>\n<meta property=\"og:title\" content=\"Imprint\" \/>\n<meta property=\"og:description\" content=\"Deutsche Gesellschaft f\u00fcr Qualit\u00e4t e.V. (DGQ) August-Schanz-Str. 21 A D-60433 Frankfurt\/Main Telefon +49 (0)69-9 54 24-0 Fax +49 (0)69-9 54 24-133 info@dgq.de https:\/\/www.dgq.de\/ District Court: Amtsgericht Frankfurt am Main Registration Number: 73VR6283 Ust-IdNr.: DE 114235893 Authorised Representative Prof. Dr. Robert Schmitt, Pr\u00e4sident Dr. rer. nat. Norbert M. Gorny, Vizepr\u00e4sident Deutsche Gesellschaft f\u00fcr Qualit\u00e4t e.V. Sitz Frankfurt am Main\" \/>\n<meta property=\"og:url\" content=\"https:\/\/www.dgq.de\/en\/community-and-membership\/membership\/imprint\/\" \/>\n<meta property=\"og:site_name\" content=\"Deutsche Gesellschaft f\u00fcr Qualit\u00e4t\" \/>\n<meta property=\"article:modified_time\" content=\"2025-11-14T15:01:03+00:00\" \/>\n<meta name=\"twitter:card\" content=\"summary_large_image\" \/>\n<meta name=\"twitter:label1\" content=\"Est. reading time\" \/>\n\t<meta name=\"twitter:data1\" content=\"1 minute\" \/>\n<script type=\"application\/ld+json\" class=\"yoast-schema-graph\">{\"@context\":\"https:\\\/\\\/schema.org\",\"@graph\":[{\"@type\":\"WebPage\",\"@id\":\"https:\\\/\\\/www.dgq.de\\\/en\\\/community-and-membership\\\/membership\\\/imprint\\\/\",\"url\":\"https:\\\/\\\/www.dgq.de\\\/en\\\/community-and-membership\\\/membership\\\/imprint\\\/\",\"name\":\"Imprint - Deutsche Gesellschaft f\u00fcr Qualit\u00e4t\",\"isPartOf\":{\"@id\":\"https:\\\/\\\/www.dgq.de\\\/en\\\/#website\"},\"datePublished\":\"2013-10-30T10:50:25+00:00\",\"dateModified\":\"2025-11-14T15:01:03+00:00\",\"breadcrumb\":{\"@id\":\"https:\\\/\\\/www.dgq.de\\\/en\\\/community-and-membership\\\/membership\\\/imprint\\\/#breadcrumb\"},\"inLanguage\":\"en-US\",\"potentialAction\":[{\"@type\":\"ReadAction\",\"target\":[\"https:\\\/\\\/www.dgq.de\\\/en\\\/community-and-membership\\\/membership\\\/imprint\\\/\"]}]},{\"@type\":\"BreadcrumbList\",\"@id\":\"https:\\\/\\\/www.dgq.de\\\/en\\\/community-and-membership\\\/membership\\\/imprint\\\/#breadcrumb\",\"itemListElement\":[{\"@type\":\"ListItem\",\"position\":1,\"name\":\"Startseite\",\"item\":\"https:\\\/\\\/www.dgq.de\\\/en\\\/\"},{\"@type\":\"ListItem\",\"position\":2,\"name\":\"Community and membership\",\"item\":\"https:\\\/\\\/www.dgq.de\\\/en\\\/community-and-membership\\\/\"},{\"@type\":\"ListItem\",\"position\":3,\"name\":\"Membership\",\"item\":\"https:\\\/\\\/www.dgq.de\\\/en\\\/community-and-membership\\\/membership\\\/\"},{\"@type\":\"ListItem\",\"position\":4,\"name\":\"Imprint\"}]},{\"@type\":\"WebSite\",\"@id\":\"https:\\\/\\\/www.dgq.de\\\/en\\\/#website\",\"url\":\"https:\\\/\\\/www.dgq.de\\\/en\\\/\",\"name\":\"Deutsche Gesellschaft f\u00fcr Qualit\u00e4t\",\"description\":\"Deutsche Gesellschaft f\u00fcr Qualit\u00e4t\",\"potentialAction\":[{\"@type\":\"SearchAction\",\"target\":{\"@type\":\"EntryPoint\",\"urlTemplate\":\"https:\\\/\\\/www.dgq.de\\\/en\\\/?s={search_term_string}\"},\"query-input\":{\"@type\":\"PropertyValueSpecification\",\"valueRequired\":true,\"valueName\":\"search_term_string\"}}],\"inLanguage\":\"en-US\"}]}<\/script>\n<!-- \/ Yoast SEO Premium plugin. -->","yoast_head_json":{"title":"Imprint - Deutsche Gesellschaft f\u00fcr Qualit\u00e4t","robots":{"index":"index","follow":"follow","max-snippet":"max-snippet:-1","max-image-preview":"max-image-preview:large","max-video-preview":"max-video-preview:-1"},"canonical":"https:\/\/www.dgq.de\/en\/community-and-membership\/membership\/imprint\/","og_locale":"en_US","og_type":"article","og_title":"Imprint","og_description":"Deutsche Gesellschaft f\u00fcr Qualit\u00e4t e.V. (DGQ) August-Schanz-Str. 21 A D-60433 Frankfurt\/Main Telefon +49 (0)69-9 54 24-0 Fax +49 (0)69-9 54 24-133 info@dgq.de https:\/\/www.dgq.de\/ District Court: Amtsgericht Frankfurt am Main Registration Number: 73VR6283 Ust-IdNr.: DE 114235893 Authorised Representative Prof. Dr. Robert Schmitt, Pr\u00e4sident Dr. rer. nat. Norbert M. Gorny, Vizepr\u00e4sident Deutsche Gesellschaft f\u00fcr Qualit\u00e4t e.V. Sitz Frankfurt am Main","og_url":"https:\/\/www.dgq.de\/en\/community-and-membership\/membership\/imprint\/","og_site_name":"Deutsche Gesellschaft f\u00fcr Qualit\u00e4t","article_modified_time":"2025-11-14T15:01:03+00:00","twitter_card":"summary_large_image","twitter_misc":{"Est. reading time":"1 minute"},"schema":{"@context":"https:\/\/schema.org","@graph":[{"@type":"WebPage","@id":"https:\/\/www.dgq.de\/en\/community-and-membership\/membership\/imprint\/","url":"https:\/\/www.dgq.de\/en\/community-and-membership\/membership\/imprint\/","name":"Imprint - Deutsche Gesellschaft f\u00fcr Qualit\u00e4t","isPartOf":{"@id":"https:\/\/www.dgq.de\/en\/#website"},"datePublished":"2013-10-30T10:50:25+00:00","dateModified":"2025-11-14T15:01:03+00:00","breadcrumb":{"@id":"https:\/\/www.dgq.de\/en\/community-and-membership\/membership\/imprint\/#breadcrumb"},"inLanguage":"en-US","potentialAction":[{"@type":"ReadAction","target":["https:\/\/www.dgq.de\/en\/community-and-membership\/membership\/imprint\/"]}]},{"@type":"BreadcrumbList","@id":"https:\/\/www.dgq.de\/en\/community-and-membership\/membership\/imprint\/#breadcrumb","itemListElement":[{"@type":"ListItem","position":1,"name":"Startseite","item":"https:\/\/www.dgq.de\/en\/"},{"@type":"ListItem","position":2,"name":"Community and membership","item":"https:\/\/www.dgq.de\/en\/community-and-membership\/"},{"@type":"ListItem","position":3,"name":"Membership","item":"https:\/\/www.dgq.de\/en\/community-and-membership\/membership\/"},{"@type":"ListItem","position":4,"name":"Imprint"}]},{"@type":"WebSite","@id":"https:\/\/www.dgq.de\/en\/#website","url":"https:\/\/www.dgq.de\/en\/","name":"Deutsche Gesellschaft f\u00fcr Qualit\u00e4t","description":"Deutsche Gesellschaft f\u00fcr Qualit\u00e4t","potentialAction":[{"@type":"SearchAction","target":{"@type":"EntryPoint","urlTemplate":"https:\/\/www.dgq.de\/en\/?s={search_term_string}"},"query-input":{"@type":"PropertyValueSpecification","valueRequired":true,"valueName":"search_term_string"}}],"inLanguage":"en-US"}]}},"_links":{"self":[{"href":"https:\/\/www.dgq.de\/en\/wp-json\/wp\/v2\/pages\/2385","targetHints":{"allow":["GET"]}}],"collection":[{"href":"https:\/\/www.dgq.de\/en\/wp-json\/wp\/v2\/pages"}],"about":[{"href":"https:\/\/www.dgq.de\/en\/wp-json\/wp\/v2\/types\/page"}],"author":[{"embeddable":true,"href":"https:\/\/www.dgq.de\/en\/wp-json\/wp\/v2\/users\/11"}],"replies":[{"embeddable":true,"href":"https:\/\/www.dgq.de\/en\/wp-json\/wp\/v2\/comments?post=2385"}],"version-history":[{"count":5,"href":"https:\/\/www.dgq.de\/en\/wp-json\/wp\/v2\/pages\/2385\/revisions"}],"predecessor-version":[{"id":17275,"href":"https:\/\/www.dgq.de\/en\/wp-json\/wp\/v2\/pages\/2385\/revisions\/17275"}],"up":[{"embeddable":true,"href":"https:\/\/www.dgq.de\/en\/wp-json\/wp\/v2\/pages\/16834"}],"wp:attachment":[{"href":"https:\/\/www.dgq.de\/en\/wp-json\/wp\/v2\/media?parent=2385"}],"wp:term":[{"taxonomy":"post_tag","embeddable":true,"href":"https:\/\/www.dgq.de\/en\/wp-json\/wp\/v2\/tags?post=2385"}],"curies":[{"name":"wp","href":"https:\/\/api.w.org\/{rel}","templated":true}]}}