{"id":2,"date":"2013-06-06T04:46:44","date_gmt":"2013-06-06T04:46:44","guid":{"rendered":"http:\/\/test.dgq.de:8080\/?page_id=2"},"modified":"2025-12-16T09:38:08","modified_gmt":"2025-12-16T08:38:08","slug":"beispiel-seite","status":"publish","type":"page","link":"https:\/\/www.dgq.de\/en\/","title":{"rendered":"Quality is our business"},"content":{"rendered":"<div id=\"pl-2\"  class=\"panel-layout\" ><div id=\"pg-2-0\"  class=\"panel-grid panel-no-style\" ><div id=\"pgc-2-0-0\"  class=\"panel-grid-cell\" ><div id=\"panel-2-0-0-0\" class=\"widget_text so-panel widget widget_custom_html panel-first-child panel-last-child widgetopts-SO\" data-index=\"0\" ><div class=\"textwidget custom-html-widget\"><div style=\"display: none;\" class=\"crellyslider-slider crellyslider-slider-full-width crellyslider-slider-frontpage_slider crellyslider-1\" id=\"crellyslider-1\">\n<ul>\n<li\nstyle=\"\nbackground-color: transparent;\nbackground-image: url('https:\/\/www.dgq.de\/en\/wp-content\/uploads\/sites\/2\/2018\/09\/201306DGQ_eV.jpg');\nbackground-position: center center;\nbackground-repeat: no-repeat;\nbackground-size: cover;\n\n\"\ndata-in=\"fade\"\ndata-ease-in=\"300\"\ndata-out=\"fade\"\ndata-ease-out=\"300\"\ndata-time=\"7500\"\n>\n<a class=\"cs-background-link\" target=\"_blank\" href=\"https:\/\/www.dgq.de\/en\/about-us\/\"><\/a><div\nclass=\"\"\nstyle=\"z-index: 1;\n\n\"\ndata-delay=\"0\"\ndata-ease-in=\"300\"\ndata-ease-out=\"300\"\ndata-in=\"fade\"\ndata-out=\"fade\"\ndata-ignore-ease-out=\"0\"\ndata-top=\"0\"\ndata-left=\"0\"\ndata-time=\"all\"\n>Succcess has many faces. But the basis is always quality.<\/div>\n<\/li>\n<li\nstyle=\"\nbackground-color: transparent;\nbackground-image: url('https:\/\/www.dgq.de\/en\/wp-content\/uploads\/sites\/2\/2018\/09\/201310mitgliedschaft.jpg');\nbackground-position: center center;\nbackground-repeat: no-repeat;\nbackground-size: cover;\n\n\"\ndata-in=\"fade\"\ndata-ease-in=\"300\"\ndata-out=\"fade\"\ndata-ease-out=\"300\"\ndata-time=\"7500\"\n>\n<a class=\"cs-background-link\" target=\"_blank\" href=\"https:\/\/www.dgq.de\/en\/trainings\/\"><\/a><div\nclass=\"\"\nstyle=\"z-index: 1;\n\n\"\ndata-delay=\"0\"\ndata-ease-in=\"300\"\ndata-ease-out=\"300\"\ndata-in=\"fade\"\ndata-out=\"fade\"\ndata-ignore-ease-out=\"0\"\ndata-top=\"0\"\ndata-left=\"0\"\ndata-time=\"all\"\n>Member network and exchange of experience. Strong partnership for quality.<\/div>\n<\/li>\n<li\nstyle=\"\nbackground-color: transparent;\nbackground-image: url('https:\/\/www.dgq.de\/en\/wp-content\/uploads\/sites\/2\/2018\/09\/201306Personenzertifizierung-1.jpg');\nbackground-position: center center;\nbackground-repeat: no-repeat;\nbackground-size: cover;\n\n\"\ndata-in=\"fade\"\ndata-ease-in=\"300\"\ndata-out=\"fade\"\ndata-ease-out=\"300\"\ndata-time=\"7500\"\n>\n<a class=\"cs-background-link\" target=\"_blank\" href=\"https:\/\/www.dgq.de\/en\/trainings\/\"><\/a><div\nclass=\"\"\nstyle=\"z-index: 1;\n\n\"\ndata-delay=\"0\"\ndata-ease-in=\"300\"\ndata-ease-out=\"300\"\ndata-in=\"fade\"\ndata-out=\"fade\"\ndata-ignore-ease-out=\"0\"\ndata-top=\"0\"\ndata-left=\"0\"\ndata-time=\"all\"\n>Further training and personal certification. Qualifications for your success.<\/div>\n<\/li>\n<\/ul>\n<\/div>\n<script type=\"text\/javascript\">\n(function($) {\n$(document).ready(function() {\n$(\"#crellyslider-1\").crellySlider({\nlayout: 'full-width',\nresponsive: 1,\nstartWidth: 1140,\nstartHeight: 500,\nautomaticSlide: 1,\nshowControls: 1,\nshowNavigation: 1,\nenableSwipe: 1,\nshowProgressBar: 1,\npauseOnHover: 1,\nrandomOrder: 0,\nstartFromSlide: 0,\nbeforeStart : function() {},\nbeforeSetResponsive : function() {},\nbeforeSlideStart : function() {},\nbeforePause\t: function() {},\nbeforeResume : function() {},\n});\n});\n})(jQuery);\n<\/script>\n<\/div><\/div><\/div><div id=\"pgc-2-0-1\"  class=\"panel-grid-cell\" >\n\t\t<div id=\"panel-2-0-1-0\" class=\"so-panel widget widget_recent-posts widget_recent_entries panel-first-child panel-last-child widgetopts-SO\" data-index=\"1\" ><div class=\"panel-widget-style panel-widget-style-for-2-0-1-0\" >\n\t\t<h3 class=\"widget-title\">News<\/h3>\n\t\t<ul>\n\t\t\t\t\t\t\t\t\t\t\t<li>\n\t\t\t\t\t<a href=\"https:\/\/www.dgq.de\/en\/news\/video-presentation-do-agility-and-iso-9001-fit-together\/\">Video presentation: Do agility and ISO 9001 fit together?<\/a>\n\t\t\t\t\t\t\t\t\t<\/li>\n\t\t\t\t\t\t\t\t\t\t\t<li>\n\t\t\t\t\t<a href=\"https:\/\/www.dgq.de\/en\/news\/dgq-honoured-for-65-years-of-eoq-membership\/\">DGQ honoured for 65 years of EOQ membership<\/a>\n\t\t\t\t\t\t\t\t\t<\/li>\n\t\t\t\t\t\t\t\t\t\t\t<li>\n\t\t\t\t\t<a href=\"https:\/\/www.dgq.de\/en\/news\/iso-publishes-results-of-user-survey-on-the-revision-of-iso-9001\/\">ISO publishes results of user survey on the revision of ISO 9001<\/a>\n\t\t\t\t\t\t\t\t\t<\/li>\n\t\t\t\t\t\t\t\t\t\t\t<li>\n\t\t\t\t\t<a href=\"https:\/\/www.dgq.de\/en\/news\/new-secretary-general-of-the-european-organization-of-quality-appointed\/\">New Secretary General of the European Organization of Quality appointed<\/a>\n\t\t\t\t\t\t\t\t\t<\/li>\n\t\t\t\t\t\t\t\t\t\t\t<li>\n\t\t\t\t\t<a href=\"https:\/\/www.dgq.de\/en\/news\/global-survey-does-iso-9001-need-to-be-revised\/\">Global survey: Does ISO 9001 need to be revised?<\/a>\n\t\t\t\t\t\t\t\t\t<\/li>\n\t\t\t\t\t<\/ul>\n\n\t\t<\/div><\/div><\/div><\/div><div id=\"pg-2-1\"  class=\"panel-grid panel-no-style\" ><div id=\"pgc-2-1-0\"  class=\"panel-grid-cell\" ><div id=\"panel-2-1-0-0\" class=\"so-panel widget widget_black-studio-tinymce widget_black_studio_tinymce panel-first-child panel-last-child widgetopts-SO\" data-index=\"2\" ><div class=\"textwidget\"><div class=\"teaser\">\n<h3 class=\"thema_title\">Community and membership<\/h3>\n<p><img decoding=\"async\" src=\"https:\/\/www.dgq.de\/en\/wp-content\/uploads\/sites\/2\/2018\/09\/201306Verein.jpg\" alt=\"Community and membership\" \/><\/p>\n<div class=\"teaser_content\">\n<p>An important part of the DGQ mission is the design, expansion and strengthening of networks. The point is always the offering of a platform to people who are interested in quality.<\/p>\n<p><i class=\"fa fa-arrow-circle-right\"><\/i> <a href=\"https:\/\/www.dgq.de\/en\/community-and-membership\/\">Learn more<\/a><\/p>\n<\/div>\n<p><!-- \/teaser_content 2 --><\/p>\n<\/div>\n<\/div><\/div><\/div><div id=\"pgc-2-1-1\"  class=\"panel-grid-cell\" ><div id=\"panel-2-1-1-0\" class=\"so-panel widget widget_black-studio-tinymce widget_black_studio_tinymce panel-first-child panel-last-child widgetopts-SO\" data-index=\"3\" ><div class=\"textwidget\"><div class=\"teaser\">\n<h3 class=\"thema_title\">Products and Services<\/h3>\n<p><img decoding=\"async\" src=\"https:\/\/www.dgq.de\/en\/wp-content\/uploads\/sites\/2\/2018\/09\/Further-Training.jpg\" alt=\"Products and Services\" \/><\/p>\n<div class=\"teaser_content\">\n<p>Further training, onsite training, consulting and personal certification \u2013 our products and services meet all of your requirements.<\/p>\n<p><i class=\"fa fa-arrow-circle-right\"><\/i> <a href=\"https:\/\/www.dgq.de\/en\/products-and-services\/trainings\/\">Learn more<\/a><\/p>\n<\/div>\n<p><!-- \/teaser_content 2 --><\/p>\n<\/div>\n<\/div><\/div><\/div><div id=\"pgc-2-1-2\"  class=\"panel-grid-cell\" ><div id=\"panel-2-1-2-0\" class=\"so-panel widget widget_black-studio-tinymce widget_black_studio_tinymce panel-first-child panel-last-child widgetopts-SO\" data-index=\"4\" ><div class=\"textwidget\"><div class=\"teaser\">\n<h3 class=\"thema_title\">International Activities<\/h3>\n<p><img decoding=\"async\" src=\"https:\/\/www.dgq.de\/en\/wp-content\/uploads\/sites\/2\/2018\/09\/International-Activities.jpg\" alt=\"International Activities\" \/><\/p>\n<div class=\"teaser_content\">\n<p>Internationalisation is a means of generating benefit for members, customers and partners. As a specialist society the DGQ influences considerably the standards regarding quality and management topics.<\/p>\n<p><i class=\"fa fa-arrow-circle-right\"><\/i> <a href=\"https:\/\/www.dgq.de\/en\/community-and-membership\/international-activities\/\">Learn more<\/a><\/p>\n<\/div>\n<p><!-- \/teaser_content 2 --><\/p>\n<\/div>\n<\/div><\/div><\/div><\/div><\/div>","protected":false},"excerpt":{"rendered":"<p>Community and membership An important part of the DGQ mission is the design, expansion and strengthening of networks. The point is always the offering of a platform to people who are interested in quality. Learn more Products and Services Further training, onsite training, consulting and personal certification \u2013 our products and services meet all of your requirements. Learn more International Activities Internationalisation is a means of generating benefit for members, customers and partners. As a specialist society the DGQ influences considerably the standards regarding quality and management topics. Learn more<\/p>\n","protected":false},"author":11,"featured_media":0,"parent":0,"menu_order":25,"comment_status":"closed","ping_status":"open","template":"","meta":{"_acf_changed":false,"episode_type":"","audio_file":"","podmotor_file_id":"","podmotor_episode_id":"","cover_image":"","cover_image_id":"","duration":"","filesize":"","filesize_raw":"","date_recorded":"","explicit":"","block":"","itunes_episode_number":"","itunes_title":"","itunes_season_number":"","itunes_episode_type":"","_glsr_average":0,"_glsr_ranking":0,"_glsr_reviews":0,"footnotes":""},"tags":[198],"class_list":["post-2","page","type-page","status-publish","hentry","tag-home"],"acf":[],"yoast_head":"<!-- This site is optimized with the Yoast SEO Premium plugin v27.4 (Yoast SEO v27.4) - https:\/\/yoast.com\/product\/yoast-seo-premium-wordpress\/ -->\n<title>Quality is our business - Deutsche Gesellschaft f\u00fcr Qualit\u00e4t<\/title>\n<meta name=\"robots\" content=\"index, follow, max-snippet:-1, max-image-preview:large, max-video-preview:-1\" \/>\n<link rel=\"canonical\" href=\"https:\/\/www.dgq.de\/en\/\" \/>\n<meta property=\"og:locale\" content=\"en_US\" \/>\n<meta property=\"og:type\" content=\"article\" \/>\n<meta property=\"og:title\" content=\"Quality is our business\" \/>\n<meta property=\"og:description\" content=\"Community and membership An important part of the DGQ mission is the design, expansion and strengthening of networks. The point is always the offering of a platform to people who are interested in quality. Learn more Products and Services Further training, onsite training, consulting and personal certification \u2013 our products and services meet all of your requirements. Learn more International Activities Internationalisation is a means of generating benefit for members, customers and partners. As a specialist society the DGQ influences considerably the standards regarding quality and management topics. Learn more\" \/>\n<meta property=\"og:url\" content=\"https:\/\/www.dgq.de\/en\/\" \/>\n<meta property=\"og:site_name\" content=\"Deutsche Gesellschaft f\u00fcr Qualit\u00e4t\" \/>\n<meta property=\"article:modified_time\" content=\"2025-12-16T08:38:08+00:00\" \/>\n<meta property=\"og:image\" content=\"https:\/\/www.dgq.de\/en\/wp-content\/uploads\/sites\/2\/2018\/09\/201306Verein.jpg\" \/>\n<meta name=\"twitter:card\" content=\"summary_large_image\" \/>\n<meta name=\"twitter:label1\" content=\"Est. reading time\" \/>\n\t<meta name=\"twitter:data1\" content=\"2 minutes\" \/>\n<script type=\"application\/ld+json\" class=\"yoast-schema-graph\">{\"@context\":\"https:\\\/\\\/schema.org\",\"@graph\":[{\"@type\":\"WebPage\",\"@id\":\"https:\\\/\\\/www.dgq.de\\\/en\\\/\",\"url\":\"https:\\\/\\\/www.dgq.de\\\/en\\\/\",\"name\":\"Quality is our business - Deutsche Gesellschaft f\u00fcr Qualit\u00e4t\",\"isPartOf\":{\"@id\":\"https:\\\/\\\/www.dgq.de\\\/en\\\/#website\"},\"primaryImageOfPage\":{\"@id\":\"https:\\\/\\\/www.dgq.de\\\/en\\\/#primaryimage\"},\"image\":{\"@id\":\"https:\\\/\\\/www.dgq.de\\\/en\\\/#primaryimage\"},\"thumbnailUrl\":\"https:\\\/\\\/www.dgq.de\\\/en\\\/wp-content\\\/uploads\\\/sites\\\/2\\\/2018\\\/09\\\/201306Verein.jpg\",\"datePublished\":\"2013-06-06T04:46:44+00:00\",\"dateModified\":\"2025-12-16T08:38:08+00:00\",\"breadcrumb\":{\"@id\":\"https:\\\/\\\/www.dgq.de\\\/en\\\/#breadcrumb\"},\"inLanguage\":\"en-US\",\"potentialAction\":[{\"@type\":\"ReadAction\",\"target\":[\"https:\\\/\\\/www.dgq.de\\\/en\\\/\"]}]},{\"@type\":\"ImageObject\",\"inLanguage\":\"en-US\",\"@id\":\"https:\\\/\\\/www.dgq.de\\\/en\\\/#primaryimage\",\"url\":\"https:\\\/\\\/www.dgq.de\\\/en\\\/wp-content\\\/uploads\\\/sites\\\/2\\\/2018\\\/09\\\/201306Verein.jpg\",\"contentUrl\":\"https:\\\/\\\/www.dgq.de\\\/en\\\/wp-content\\\/uploads\\\/sites\\\/2\\\/2018\\\/09\\\/201306Verein.jpg\",\"width\":940,\"height\":410},{\"@type\":\"BreadcrumbList\",\"@id\":\"https:\\\/\\\/www.dgq.de\\\/en\\\/#breadcrumb\",\"itemListElement\":[{\"@type\":\"ListItem\",\"position\":1,\"name\":\"Startseite\",\"item\":\"https:\\\/\\\/www.dgq.de\\\/en\\\/\"},{\"@type\":\"ListItem\",\"position\":2,\"name\":\"Quality is our business\"}]},{\"@type\":\"WebSite\",\"@id\":\"https:\\\/\\\/www.dgq.de\\\/en\\\/#website\",\"url\":\"https:\\\/\\\/www.dgq.de\\\/en\\\/\",\"name\":\"Deutsche Gesellschaft f\u00fcr Qualit\u00e4t\",\"description\":\"Deutsche Gesellschaft f\u00fcr Qualit\u00e4t\",\"potentialAction\":[{\"@type\":\"SearchAction\",\"target\":{\"@type\":\"EntryPoint\",\"urlTemplate\":\"https:\\\/\\\/www.dgq.de\\\/en\\\/?s={search_term_string}\"},\"query-input\":{\"@type\":\"PropertyValueSpecification\",\"valueRequired\":true,\"valueName\":\"search_term_string\"}}],\"inLanguage\":\"en-US\"}]}<\/script>\n<!-- \/ Yoast SEO Premium plugin. -->","yoast_head_json":{"title":"Quality is our business - Deutsche Gesellschaft f\u00fcr Qualit\u00e4t","robots":{"index":"index","follow":"follow","max-snippet":"max-snippet:-1","max-image-preview":"max-image-preview:large","max-video-preview":"max-video-preview:-1"},"canonical":"https:\/\/www.dgq.de\/en\/","og_locale":"en_US","og_type":"article","og_title":"Quality is our business","og_description":"Community and membership An important part of the DGQ mission is the design, expansion and strengthening of networks. The point is always the offering of a platform to people who are interested in quality. Learn more Products and Services Further training, onsite training, consulting and personal certification \u2013 our products and services meet all of your requirements. Learn more International Activities Internationalisation is a means of generating benefit for members, customers and partners. As a specialist society the DGQ influences considerably the standards regarding quality and management topics. Learn more","og_url":"https:\/\/www.dgq.de\/en\/","og_site_name":"Deutsche Gesellschaft f\u00fcr Qualit\u00e4t","article_modified_time":"2025-12-16T08:38:08+00:00","og_image":[{"url":"https:\/\/www.dgq.de\/en\/wp-content\/uploads\/sites\/2\/2018\/09\/201306Verein.jpg","type":"","width":"","height":""}],"twitter_card":"summary_large_image","twitter_misc":{"Est. reading time":"2 minutes"},"schema":{"@context":"https:\/\/schema.org","@graph":[{"@type":"WebPage","@id":"https:\/\/www.dgq.de\/en\/","url":"https:\/\/www.dgq.de\/en\/","name":"Quality is our business - Deutsche Gesellschaft f\u00fcr Qualit\u00e4t","isPartOf":{"@id":"https:\/\/www.dgq.de\/en\/#website"},"primaryImageOfPage":{"@id":"https:\/\/www.dgq.de\/en\/#primaryimage"},"image":{"@id":"https:\/\/www.dgq.de\/en\/#primaryimage"},"thumbnailUrl":"https:\/\/www.dgq.de\/en\/wp-content\/uploads\/sites\/2\/2018\/09\/201306Verein.jpg","datePublished":"2013-06-06T04:46:44+00:00","dateModified":"2025-12-16T08:38:08+00:00","breadcrumb":{"@id":"https:\/\/www.dgq.de\/en\/#breadcrumb"},"inLanguage":"en-US","potentialAction":[{"@type":"ReadAction","target":["https:\/\/www.dgq.de\/en\/"]}]},{"@type":"ImageObject","inLanguage":"en-US","@id":"https:\/\/www.dgq.de\/en\/#primaryimage","url":"https:\/\/www.dgq.de\/en\/wp-content\/uploads\/sites\/2\/2018\/09\/201306Verein.jpg","contentUrl":"https:\/\/www.dgq.de\/en\/wp-content\/uploads\/sites\/2\/2018\/09\/201306Verein.jpg","width":940,"height":410},{"@type":"BreadcrumbList","@id":"https:\/\/www.dgq.de\/en\/#breadcrumb","itemListElement":[{"@type":"ListItem","position":1,"name":"Startseite","item":"https:\/\/www.dgq.de\/en\/"},{"@type":"ListItem","position":2,"name":"Quality is our business"}]},{"@type":"WebSite","@id":"https:\/\/www.dgq.de\/en\/#website","url":"https:\/\/www.dgq.de\/en\/","name":"Deutsche Gesellschaft f\u00fcr Qualit\u00e4t","description":"Deutsche Gesellschaft f\u00fcr Qualit\u00e4t","potentialAction":[{"@type":"SearchAction","target":{"@type":"EntryPoint","urlTemplate":"https:\/\/www.dgq.de\/en\/?s={search_term_string}"},"query-input":{"@type":"PropertyValueSpecification","valueRequired":true,"valueName":"search_term_string"}}],"inLanguage":"en-US"}]}},"_links":{"self":[{"href":"https:\/\/www.dgq.de\/en\/wp-json\/wp\/v2\/pages\/2","targetHints":{"allow":["GET"]}}],"collection":[{"href":"https:\/\/www.dgq.de\/en\/wp-json\/wp\/v2\/pages"}],"about":[{"href":"https:\/\/www.dgq.de\/en\/wp-json\/wp\/v2\/types\/page"}],"author":[{"embeddable":true,"href":"https:\/\/www.dgq.de\/en\/wp-json\/wp\/v2\/users\/11"}],"replies":[{"embeddable":true,"href":"https:\/\/www.dgq.de\/en\/wp-json\/wp\/v2\/comments?post=2"}],"version-history":[{"count":6,"href":"https:\/\/www.dgq.de\/en\/wp-json\/wp\/v2\/pages\/2\/revisions"}],"predecessor-version":[{"id":17278,"href":"https:\/\/www.dgq.de\/en\/wp-json\/wp\/v2\/pages\/2\/revisions\/17278"}],"wp:attachment":[{"href":"https:\/\/www.dgq.de\/en\/wp-json\/wp\/v2\/media?parent=2"}],"wp:term":[{"taxonomy":"post_tag","embeddable":true,"href":"https:\/\/www.dgq.de\/en\/wp-json\/wp\/v2\/tags?post=2"}],"curies":[{"name":"wp","href":"https:\/\/api.w.org\/{rel}","templated":true}]}}