{"id":16898,"date":"2018-09-07T09:44:28","date_gmt":"2018-09-07T07:44:28","guid":{"rendered":"https:\/\/www.dgq.de\/en\/?page_id=16898"},"modified":"2025-11-24T13:31:28","modified_gmt":"2025-11-24T12:31:28","slug":"trainings","status":"publish","type":"page","link":"https:\/\/www.dgq.de\/en\/trainings\/","title":{"rendered":"Trainings"},"content":{"rendered":"<p class=\"lead\">The DGQ is a <span class=\"cd-color\">nationwide acting training partner<\/span> for industry, service, public administration and private individuals.<\/p>\n<p>Sound expert knowledge and comprehensive method competence in the field of management systems have always been the strength of the DGQ Weiterbildung.<\/p>\n<p>To meet all requirements the DGQ offers different training formats. Whether a certificate training, a specialised course or an interactive practical workshop regarding trend topics \u2013 the DGQ Weiterbildung generally engages long-term experienced trainers who have a footing in practical work. They know about the development of a standard as well as its current requirements and are able to put this knowledge into relation with the corporate practice.<\/p>\n<p>Only this way the knowledge can be imparted to our ambitious participants effectively, plausibly and with a thoroughly practical teaching approach.<\/p>\n<p><strong>The further training programme offers the following advantages:<\/strong><\/p>\n<ul>\n<li>The <strong>wide range of offers<\/strong> by the DGQ includes events regarding quality management, quality assurance, environmental management, energy management, information security, Six Sigma and many other topics.<\/li>\n<li>Specialists and managers from the health economy, the automotive industry and the food sector benefit from the <strong>sector-specific courses<\/strong>.<\/li>\n<li>Annually more than 15,000 specialists and managers use the <strong>diverse educational offers<\/strong>. It includes about 1,000 trainings, courses, practical workshops, compact trainings, exams, study programmes. The DGQ extends its<strong> digital offers<\/strong> by eLearnings and webinars.<\/li>\n<li>For companies that want an individual qualification for their employees the DGQ Weiterbildung develops <strong>tailor-made onsite trainings<\/strong>.<\/li>\n<li>The DGQ trainers are a team of more than 300 <strong>highly specialised experts<\/strong> with profound methodical-didactic competence. They have long-time management expertise and make the events interactive, vibrant and practical.<\/li>\n<li>The DGQ certificates and EOQ certificates, which are awarded by the DGQ Personal Certification Body, have an <strong>excellent reputation in the German and European economy<\/strong>. They meet the highest quality requirements and are considered as objective proof of competence.<\/li>\n<\/ul>\n<p><a href=\"https:\/\/www.dgq.de\/en\/products-and-services\/trainings\/trainings-available-in-english\/\">Learn more about our trainings available in English &gt;&gt;<\/a><\/p>\n","protected":false},"excerpt":{"rendered":"<p>The DGQ is a nationwide acting training partner for industry, service, public administration and private individuals. Sound expert knowledge and comprehensive method competence in the field of management systems have always been the strength of the DGQ Weiterbildung. To meet all requirements the DGQ offers different training formats. Whether a certificate training, a specialised course or an interactive practical workshop regarding trend topics \u2013 the DGQ Weiterbildung generally engages long-term experienced trainers who have a footing in practical work. They know about the development of a standard as well as its current requirements and are able to put this knowledge into relation with the corporate practice. Only this way the knowledge can be imparted to our ambitious participants effectively, plausibly and with a thoroughly practical teaching approach. The further training programme offers the following advantages: The wide range of offers by the DGQ includes events regarding quality management, quality assurance, environmental management, energy management, information security, Six Sigma and many other topics. Specialists and managers from the health economy, the automotive industry and the food sector benefit from the sector-specific courses. Annually more than 15,000 specialists and managers use the diverse educational offers. It includes about 1,000 trainings, courses, practical [&hellip;]<\/p>\n","protected":false},"author":11,"featured_media":16899,"parent":0,"menu_order":1,"comment_status":"closed","ping_status":"closed","template":"","meta":{"_acf_changed":false,"episode_type":"","audio_file":"","podmotor_file_id":"","podmotor_episode_id":"","cover_image":"","cover_image_id":"","duration":"","filesize":"","filesize_raw":"","date_recorded":"","explicit":"","block":"","itunes_episode_number":"","itunes_title":"","itunes_season_number":"","itunes_episode_type":"","_glsr_average":0,"_glsr_ranking":0,"_glsr_reviews":0,"footnotes":""},"tags":[],"class_list":["post-16898","page","type-page","status-publish","has-post-thumbnail","hentry"],"acf":[],"yoast_head":"<!-- This site is optimized with the Yoast SEO Premium plugin v27.3 (Yoast SEO v27.3) - https:\/\/yoast.com\/product\/yoast-seo-premium-wordpress\/ -->\n<title>Trainings - Deutsche Gesellschaft f\u00fcr Qualit\u00e4t<\/title>\n<meta name=\"robots\" content=\"index, follow, max-snippet:-1, max-image-preview:large, max-video-preview:-1\" \/>\n<link rel=\"canonical\" href=\"https:\/\/www.dgq.de\/en\/trainings\/\" \/>\n<meta property=\"og:locale\" content=\"en_US\" \/>\n<meta property=\"og:type\" content=\"article\" \/>\n<meta property=\"og:title\" content=\"Trainings\" \/>\n<meta property=\"og:description\" content=\"The DGQ is a nationwide acting training partner for industry, service, public administration and private individuals. Sound expert knowledge and comprehensive method competence in the field of management systems have always been the strength of the DGQ Weiterbildung. To meet all requirements the DGQ offers different training formats. Whether a certificate training, a specialised course or an interactive practical workshop regarding trend topics \u2013 the DGQ Weiterbildung generally engages long-term experienced trainers who have a footing in practical work. They know about the development of a standard as well as its current requirements and are able to put this knowledge into relation with the corporate practice. Only this way the knowledge can be imparted to our ambitious participants effectively, plausibly and with a thoroughly practical teaching approach. The further training programme offers the following advantages: The wide range of offers by the DGQ includes events regarding quality management, quality assurance, environmental management, energy management, information security, Six Sigma and many other topics. Specialists and managers from the health economy, the automotive industry and the food sector benefit from the sector-specific courses. Annually more than 15,000 specialists and managers use the diverse educational offers. It includes about 1,000 trainings, courses, practical [&hellip;]\" \/>\n<meta property=\"og:url\" content=\"https:\/\/www.dgq.de\/en\/trainings\/\" \/>\n<meta property=\"og:site_name\" content=\"Deutsche Gesellschaft f\u00fcr Qualit\u00e4t\" \/>\n<meta property=\"article:modified_time\" content=\"2025-11-24T12:31:28+00:00\" \/>\n<meta property=\"og:image\" content=\"https:\/\/www.dgq.de\/en\/wp-content\/uploads\/sites\/2\/2018\/09\/201809Further-Training.jpg\" \/>\n\t<meta property=\"og:image:width\" content=\"940\" \/>\n\t<meta property=\"og:image:height\" content=\"410\" \/>\n\t<meta property=\"og:image:type\" content=\"image\/jpeg\" \/>\n<meta name=\"twitter:card\" content=\"summary_large_image\" \/>\n<meta name=\"twitter:label1\" content=\"Est. reading time\" \/>\n\t<meta name=\"twitter:data1\" content=\"2 minutes\" \/>\n<script type=\"application\/ld+json\" class=\"yoast-schema-graph\">{\"@context\":\"https:\\\/\\\/schema.org\",\"@graph\":[{\"@type\":\"WebPage\",\"@id\":\"https:\\\/\\\/www.dgq.de\\\/en\\\/trainings\\\/\",\"url\":\"https:\\\/\\\/www.dgq.de\\\/en\\\/trainings\\\/\",\"name\":\"Trainings - Deutsche Gesellschaft f\u00fcr Qualit\u00e4t\",\"isPartOf\":{\"@id\":\"https:\\\/\\\/www.dgq.de\\\/en\\\/#website\"},\"primaryImageOfPage\":{\"@id\":\"https:\\\/\\\/www.dgq.de\\\/en\\\/trainings\\\/#primaryimage\"},\"image\":{\"@id\":\"https:\\\/\\\/www.dgq.de\\\/en\\\/trainings\\\/#primaryimage\"},\"thumbnailUrl\":\"https:\\\/\\\/www.dgq.de\\\/en\\\/wp-content\\\/uploads\\\/sites\\\/2\\\/2018\\\/09\\\/201809Further-Training.jpg\",\"datePublished\":\"2018-09-07T07:44:28+00:00\",\"dateModified\":\"2025-11-24T12:31:28+00:00\",\"breadcrumb\":{\"@id\":\"https:\\\/\\\/www.dgq.de\\\/en\\\/trainings\\\/#breadcrumb\"},\"inLanguage\":\"en-US\",\"potentialAction\":[{\"@type\":\"ReadAction\",\"target\":[\"https:\\\/\\\/www.dgq.de\\\/en\\\/trainings\\\/\"]}]},{\"@type\":\"ImageObject\",\"inLanguage\":\"en-US\",\"@id\":\"https:\\\/\\\/www.dgq.de\\\/en\\\/trainings\\\/#primaryimage\",\"url\":\"https:\\\/\\\/www.dgq.de\\\/en\\\/wp-content\\\/uploads\\\/sites\\\/2\\\/2018\\\/09\\\/201809Further-Training.jpg\",\"contentUrl\":\"https:\\\/\\\/www.dgq.de\\\/en\\\/wp-content\\\/uploads\\\/sites\\\/2\\\/2018\\\/09\\\/201809Further-Training.jpg\",\"width\":940,\"height\":410,\"caption\":\"Further training and personal certification. Qualifications for your success.\"},{\"@type\":\"BreadcrumbList\",\"@id\":\"https:\\\/\\\/www.dgq.de\\\/en\\\/trainings\\\/#breadcrumb\",\"itemListElement\":[{\"@type\":\"ListItem\",\"position\":1,\"name\":\"Startseite\",\"item\":\"https:\\\/\\\/www.dgq.de\\\/en\\\/\"},{\"@type\":\"ListItem\",\"position\":2,\"name\":\"Trainings\"}]},{\"@type\":\"WebSite\",\"@id\":\"https:\\\/\\\/www.dgq.de\\\/en\\\/#website\",\"url\":\"https:\\\/\\\/www.dgq.de\\\/en\\\/\",\"name\":\"Deutsche Gesellschaft f\u00fcr Qualit\u00e4t\",\"description\":\"Deutsche Gesellschaft f\u00fcr Qualit\u00e4t\",\"potentialAction\":[{\"@type\":\"SearchAction\",\"target\":{\"@type\":\"EntryPoint\",\"urlTemplate\":\"https:\\\/\\\/www.dgq.de\\\/en\\\/?s={search_term_string}\"},\"query-input\":{\"@type\":\"PropertyValueSpecification\",\"valueRequired\":true,\"valueName\":\"search_term_string\"}}],\"inLanguage\":\"en-US\"}]}<\/script>\n<!-- \/ Yoast SEO Premium plugin. -->","yoast_head_json":{"title":"Trainings - Deutsche Gesellschaft f\u00fcr Qualit\u00e4t","robots":{"index":"index","follow":"follow","max-snippet":"max-snippet:-1","max-image-preview":"max-image-preview:large","max-video-preview":"max-video-preview:-1"},"canonical":"https:\/\/www.dgq.de\/en\/trainings\/","og_locale":"en_US","og_type":"article","og_title":"Trainings","og_description":"The DGQ is a nationwide acting training partner for industry, service, public administration and private individuals. Sound expert knowledge and comprehensive method competence in the field of management systems have always been the strength of the DGQ Weiterbildung. To meet all requirements the DGQ offers different training formats. Whether a certificate training, a specialised course or an interactive practical workshop regarding trend topics \u2013 the DGQ Weiterbildung generally engages long-term experienced trainers who have a footing in practical work. They know about the development of a standard as well as its current requirements and are able to put this knowledge into relation with the corporate practice. Only this way the knowledge can be imparted to our ambitious participants effectively, plausibly and with a thoroughly practical teaching approach. The further training programme offers the following advantages: The wide range of offers by the DGQ includes events regarding quality management, quality assurance, environmental management, energy management, information security, Six Sigma and many other topics. Specialists and managers from the health economy, the automotive industry and the food sector benefit from the sector-specific courses. Annually more than 15,000 specialists and managers use the diverse educational offers. It includes about 1,000 trainings, courses, practical [&hellip;]","og_url":"https:\/\/www.dgq.de\/en\/trainings\/","og_site_name":"Deutsche Gesellschaft f\u00fcr Qualit\u00e4t","article_modified_time":"2025-11-24T12:31:28+00:00","og_image":[{"width":940,"height":410,"url":"https:\/\/www.dgq.de\/en\/wp-content\/uploads\/sites\/2\/2018\/09\/201809Further-Training.jpg","type":"image\/jpeg"}],"twitter_card":"summary_large_image","twitter_misc":{"Est. reading time":"2 minutes"},"schema":{"@context":"https:\/\/schema.org","@graph":[{"@type":"WebPage","@id":"https:\/\/www.dgq.de\/en\/trainings\/","url":"https:\/\/www.dgq.de\/en\/trainings\/","name":"Trainings - Deutsche Gesellschaft f\u00fcr Qualit\u00e4t","isPartOf":{"@id":"https:\/\/www.dgq.de\/en\/#website"},"primaryImageOfPage":{"@id":"https:\/\/www.dgq.de\/en\/trainings\/#primaryimage"},"image":{"@id":"https:\/\/www.dgq.de\/en\/trainings\/#primaryimage"},"thumbnailUrl":"https:\/\/www.dgq.de\/en\/wp-content\/uploads\/sites\/2\/2018\/09\/201809Further-Training.jpg","datePublished":"2018-09-07T07:44:28+00:00","dateModified":"2025-11-24T12:31:28+00:00","breadcrumb":{"@id":"https:\/\/www.dgq.de\/en\/trainings\/#breadcrumb"},"inLanguage":"en-US","potentialAction":[{"@type":"ReadAction","target":["https:\/\/www.dgq.de\/en\/trainings\/"]}]},{"@type":"ImageObject","inLanguage":"en-US","@id":"https:\/\/www.dgq.de\/en\/trainings\/#primaryimage","url":"https:\/\/www.dgq.de\/en\/wp-content\/uploads\/sites\/2\/2018\/09\/201809Further-Training.jpg","contentUrl":"https:\/\/www.dgq.de\/en\/wp-content\/uploads\/sites\/2\/2018\/09\/201809Further-Training.jpg","width":940,"height":410,"caption":"Further training and personal certification. Qualifications for your success."},{"@type":"BreadcrumbList","@id":"https:\/\/www.dgq.de\/en\/trainings\/#breadcrumb","itemListElement":[{"@type":"ListItem","position":1,"name":"Startseite","item":"https:\/\/www.dgq.de\/en\/"},{"@type":"ListItem","position":2,"name":"Trainings"}]},{"@type":"WebSite","@id":"https:\/\/www.dgq.de\/en\/#website","url":"https:\/\/www.dgq.de\/en\/","name":"Deutsche Gesellschaft f\u00fcr Qualit\u00e4t","description":"Deutsche Gesellschaft f\u00fcr Qualit\u00e4t","potentialAction":[{"@type":"SearchAction","target":{"@type":"EntryPoint","urlTemplate":"https:\/\/www.dgq.de\/en\/?s={search_term_string}"},"query-input":{"@type":"PropertyValueSpecification","valueRequired":true,"valueName":"search_term_string"}}],"inLanguage":"en-US"}]}},"_links":{"self":[{"href":"https:\/\/www.dgq.de\/en\/wp-json\/wp\/v2\/pages\/16898","targetHints":{"allow":["GET"]}}],"collection":[{"href":"https:\/\/www.dgq.de\/en\/wp-json\/wp\/v2\/pages"}],"about":[{"href":"https:\/\/www.dgq.de\/en\/wp-json\/wp\/v2\/types\/page"}],"author":[{"embeddable":true,"href":"https:\/\/www.dgq.de\/en\/wp-json\/wp\/v2\/users\/11"}],"replies":[{"embeddable":true,"href":"https:\/\/www.dgq.de\/en\/wp-json\/wp\/v2\/comments?post=16898"}],"version-history":[{"count":3,"href":"https:\/\/www.dgq.de\/en\/wp-json\/wp\/v2\/pages\/16898\/revisions"}],"predecessor-version":[{"id":17043,"href":"https:\/\/www.dgq.de\/en\/wp-json\/wp\/v2\/pages\/16898\/revisions\/17043"}],"wp:featuredmedia":[{"embeddable":true,"href":"https:\/\/www.dgq.de\/en\/wp-json\/wp\/v2\/media\/16899"}],"wp:attachment":[{"href":"https:\/\/www.dgq.de\/en\/wp-json\/wp\/v2\/media?parent=16898"}],"wp:term":[{"taxonomy":"post_tag","embeddable":true,"href":"https:\/\/www.dgq.de\/en\/wp-json\/wp\/v2\/tags?post=16898"}],"curies":[{"name":"wp","href":"https:\/\/api.w.org\/{rel}","templated":true}]}}