{"id":16883,"date":"2018-09-07T09:22:15","date_gmt":"2018-09-07T07:22:15","guid":{"rendered":"https:\/\/www.dgq.de\/en\/?page_id=16883"},"modified":"2026-04-22T10:00:20","modified_gmt":"2026-04-22T08:00:20","slug":"board","status":"publish","type":"page","link":"https:\/\/www.dgq.de\/en\/community-and-membership\/board\/","title":{"rendered":"Managing Director and Board"},"content":{"rendered":"<h2>Managing Director<\/h2>\n<div class=\"row\">\n<div class=\"col-sm-4\">\n<figure class=\"wp-caption alignnone\" style=\"width: 150px; margin: 0; text-align: left;\"><a href=\"https:\/\/dgq-test\/wp-content\/uploads\/2021\/07\/Claudia-Welker-2021.jpg\"><br \/>\n<img loading=\"lazy\" decoding=\"async\" class=\"wp-image-6051 size-full\" src=\"https:\/\/dgq-test\/wp-content\/uploads\/2021\/07\/Claudia-Welker-2021.jpg\" alt=\"Managing Director Claudia Welker\" width=\"150\" height=\"210\" \/><br \/>\n<\/a><figcaption class=\"wp-caption-text\" style=\"text-align: left; margin-top: 5px;\"><strong>Managing Director<br \/>\nClaudia Welker<\/strong><\/figcaption><\/figure>\n<\/div>\n<div class=\"col-sm-4\"><\/div>\n<\/div>\n<h2>Board<\/h2>\n<div class=\"row\">\n<div class=\"col-sm-4\">\n<figure class=\"wp-caption alignnone\" style=\"width: 150px; margin: 0; text-align: left;\"><a href=\"https:\/\/dgq-test\/wp-content\/uploads\/2021\/05\/Prof-Dr-Robert-Schmitt-2021.jpg\"><br \/>\n<img loading=\"lazy\" decoding=\"async\" class=\"wp-image-8159 size-full\" src=\"https:\/\/dgq-test\/wp-content\/uploads\/2021\/05\/Prof-Dr-Robert-Schmitt-2021.jpg\" alt=\"Prof. Dr. Robert Schmitt \u2013 Lehrstuhl Fertigungsmesstechnik RWTH Aachen\" width=\"150\" height=\"210\" \/><br \/>\n<\/a><figcaption class=\"wp-caption-text\" style=\"text-align: left; margin-top: 5px;\"><strong>President<br \/>\nProf. Dr. Robert Schmitt<\/strong><\/figcaption><\/figure>\n<\/div>\n<div class=\"col-sm-4\">\n<figure class=\"wp-caption alignnone\" style=\"width: 200px; margin: 0; text-align: left;\"><a href=\"https:\/\/dgq-test\/wp-content\/uploads\/2021\/06\/Norbert-Gorny2021.jpg\"><br \/>\n<img loading=\"lazy\" decoding=\"async\" class=\"wp-image-6051 size-full\" src=\"https:\/\/dgq-test\/wp-content\/uploads\/2021\/06\/Norbert-Gorny2021.jpg\" alt=\"Dr. rer. nat. Norbert M. Gorny, Stellvertretender Pr\u00e4sident - Mitglied der Vorstands, Essilor International S.A.\" width=\"150\" height=\"210\" \/><br \/>\n<\/a><figcaption class=\"wp-caption-text\" style=\"text-align: left; margin-top: 5px;\"><strong>Deputy President<br \/>\nDr. rer. nat. Norbert M. Gorny<\/strong><\/figcaption><\/figure>\n<\/div>\n<div class=\"col-sm-4\"><\/div>\n<\/div>\n<div class=\"row\"><\/div>\n<div class=\"row\">\n<div class=\"col-sm-4\">\n<figure class=\"wp-caption alignnone\" style=\"width: 150px; margin: 0; text-align: left;\"><img loading=\"lazy\" decoding=\"async\" class=\"wp-image-11180 size-full\" src=\"https:\/\/dgq-test\/wp-content\/uploads\/2016\/11\/Burghartz-widmann.jpg\" alt=\"Michael Burghartz-Widmann Inhaber BWP Consulting\" width=\"150\" height=\"210\" \/><figcaption class=\"wp-caption-text\" style=\"text-align: left; margin-top: 5px;\"><strong>Michael Burghartz-Widmann<\/strong><\/figcaption><\/figure>\n<\/div>\n<div class=\"col-sm-4\">\n<figure class=\"wp-caption alignnone\" style=\"width: 150px; margin: 0; text-align: left;\"><img loading=\"lazy\" decoding=\"async\" class=\"wp-image-8158 size-full\" src=\"https:\/\/dgq-test\/wp-content\/uploads\/2021\/05\/Dr-med-Ingo-Huettner.jpg\" alt=\"Dr. Ingo H\u00fcttner Medizinischer Gesch\u00e4ftsf\u00fchrer Alb Fils Kliniken\" width=\"150\" height=\"210\" \/><figcaption class=\"wp-caption-text\" style=\"text-align: left; margin-top: 5px;\"><strong>Dr. med. Ingo H\u00fcttner<\/strong><\/figcaption><\/figure>\n<\/div>\n<div class=\"col-sm-4\">\n<figure class=\"wp-caption alignnone\" style=\"width: 150px; margin: 0; text-align: left;\"><img loading=\"lazy\" decoding=\"async\" class=\"wp-image-38119 size-full\" src=\"https:\/\/dgq-test\/wp-content\/uploads\/2022\/11\/Dr.-Paul-Kuebler.jpg\" alt=\"Dr. Paul K\u00fcbler\" width=\"150\" height=\"210\" \/><figcaption class=\"wp-caption-text\" style=\"text-align: left; margin-top: 5px;\"><strong>Dr. rer. nat. Paul K\u00fcbler<\/strong><\/figcaption><\/figure>\n<\/div>\n<\/div>\n<div class=\"row\">\n<div class=\"col-sm-4\">\n<figure class=\"wp-caption alignnone\" style=\"width: 150px; margin: 0; text-align: left;\"><a href=\"https:\/\/dgq-test\/wp-content\/uploads\/2021\/05\/Angelika-Mueller2021.jpg\"><br \/>\n<img loading=\"lazy\" decoding=\"async\" class=\"wp-image-30735 size-full\" src=\"https:\/\/dgq-test\/wp-content\/uploads\/2021\/05\/Angelika-Mueller2021.jpg\" alt=\"Angelika M\u00fcller\" width=\"150\" height=\"210\" \/><br \/>\n<\/a><figcaption class=\"wp-caption-text\" style=\"text-align: left; margin-top: 5px;\">Diplom-Kauffrau<br \/>\n<strong>Angelika M\u00fcller<\/strong> \u2013 Sollence<sup>\u00ae<\/sup> GmbH, gesch\u00e4ftsf\u00fchrende Gesellschafterin<\/figcaption><\/figure>\n<\/div>\n<\/div>\n","protected":false},"excerpt":{"rendered":"<p>Managing Director Managing Director Claudia Welker Board President Prof. Dr. Robert Schmitt Deputy President Dr. rer. nat. Norbert M. Gorny Michael Burghartz-Widmann Dr. med. Ingo H\u00fcttner Dr. rer. nat. Paul K\u00fcbler Diplom-Kauffrau Angelika M\u00fcller \u2013 Sollence\u00ae GmbH, gesch\u00e4ftsf\u00fchrende Gesellschafterin<\/p>\n","protected":false},"author":11,"featured_media":0,"parent":16822,"menu_order":0,"comment_status":"closed","ping_status":"closed","template":"","meta":{"_acf_changed":false,"episode_type":"","audio_file":"","podmotor_file_id":"","podmotor_episode_id":"","cover_image":"","cover_image_id":"","duration":"","filesize":"","filesize_raw":"","date_recorded":"","explicit":"","block":"","itunes_episode_number":"","itunes_title":"","itunes_season_number":"","itunes_episode_type":"","_glsr_average":0,"_glsr_ranking":0,"_glsr_reviews":0,"footnotes":""},"tags":[],"class_list":["post-16883","page","type-page","status-publish","hentry"],"acf":[],"yoast_head":"<!-- This site is optimized with the Yoast SEO Premium plugin v27.4 (Yoast SEO v27.4) - https:\/\/yoast.com\/product\/yoast-seo-premium-wordpress\/ -->\n<title>Managing Director and Board - Deutsche Gesellschaft f\u00fcr Qualit\u00e4t<\/title>\n<meta name=\"robots\" content=\"index, follow, max-snippet:-1, max-image-preview:large, max-video-preview:-1\" \/>\n<link rel=\"canonical\" href=\"https:\/\/www.dgq.de\/en\/community-and-membership\/board\/\" \/>\n<meta property=\"og:locale\" content=\"en_US\" \/>\n<meta property=\"og:type\" content=\"article\" \/>\n<meta property=\"og:title\" content=\"Managing Director and Board\" \/>\n<meta property=\"og:description\" content=\"Managing Director Managing Director Claudia Welker Board President Prof. Dr. Robert Schmitt Deputy President Dr. rer. nat. Norbert M. Gorny Michael Burghartz-Widmann Dr. med. Ingo H\u00fcttner Dr. rer. nat. Paul K\u00fcbler Diplom-Kauffrau Angelika M\u00fcller \u2013 Sollence\u00ae GmbH, gesch\u00e4ftsf\u00fchrende Gesellschafterin\" \/>\n<meta property=\"og:url\" content=\"https:\/\/www.dgq.de\/en\/community-and-membership\/board\/\" \/>\n<meta property=\"og:site_name\" content=\"Deutsche Gesellschaft f\u00fcr Qualit\u00e4t\" \/>\n<meta property=\"article:modified_time\" content=\"2026-04-22T08:00:20+00:00\" \/>\n<meta property=\"og:image\" content=\"https:\/\/www.dgq.de\/wp-content\/uploads\/2021\/07\/Claudia-Welker-2021.jpg\" \/>\n<meta name=\"twitter:card\" content=\"summary_large_image\" \/>\n<meta name=\"twitter:label1\" content=\"Est. reading time\" \/>\n\t<meta name=\"twitter:data1\" content=\"2 minutes\" \/>\n<script type=\"application\/ld+json\" class=\"yoast-schema-graph\">{\"@context\":\"https:\\\/\\\/schema.org\",\"@graph\":[{\"@type\":\"WebPage\",\"@id\":\"https:\\\/\\\/www.dgq.de\\\/en\\\/community-and-membership\\\/board\\\/\",\"url\":\"https:\\\/\\\/www.dgq.de\\\/en\\\/community-and-membership\\\/board\\\/\",\"name\":\"Managing Director and Board - Deutsche Gesellschaft f\u00fcr Qualit\u00e4t\",\"isPartOf\":{\"@id\":\"https:\\\/\\\/www.dgq.de\\\/en\\\/#website\"},\"primaryImageOfPage\":{\"@id\":\"https:\\\/\\\/www.dgq.de\\\/en\\\/community-and-membership\\\/board\\\/#primaryimage\"},\"image\":{\"@id\":\"https:\\\/\\\/www.dgq.de\\\/en\\\/community-and-membership\\\/board\\\/#primaryimage\"},\"thumbnailUrl\":\"https:\\\/\\\/dgq-test\\\/wp-content\\\/uploads\\\/2021\\\/07\\\/Claudia-Welker-2021.jpg\",\"datePublished\":\"2018-09-07T07:22:15+00:00\",\"dateModified\":\"2026-04-22T08:00:20+00:00\",\"breadcrumb\":{\"@id\":\"https:\\\/\\\/www.dgq.de\\\/en\\\/community-and-membership\\\/board\\\/#breadcrumb\"},\"inLanguage\":\"en-US\",\"potentialAction\":[{\"@type\":\"ReadAction\",\"target\":[\"https:\\\/\\\/www.dgq.de\\\/en\\\/community-and-membership\\\/board\\\/\"]}]},{\"@type\":\"ImageObject\",\"inLanguage\":\"en-US\",\"@id\":\"https:\\\/\\\/www.dgq.de\\\/en\\\/community-and-membership\\\/board\\\/#primaryimage\",\"url\":\"https:\\\/\\\/dgq-test\\\/wp-content\\\/uploads\\\/2021\\\/07\\\/Claudia-Welker-2021.jpg\",\"contentUrl\":\"https:\\\/\\\/dgq-test\\\/wp-content\\\/uploads\\\/2021\\\/07\\\/Claudia-Welker-2021.jpg\"},{\"@type\":\"BreadcrumbList\",\"@id\":\"https:\\\/\\\/www.dgq.de\\\/en\\\/community-and-membership\\\/board\\\/#breadcrumb\",\"itemListElement\":[{\"@type\":\"ListItem\",\"position\":1,\"name\":\"Startseite\",\"item\":\"https:\\\/\\\/www.dgq.de\\\/en\\\/\"},{\"@type\":\"ListItem\",\"position\":2,\"name\":\"Community and membership\",\"item\":\"https:\\\/\\\/www.dgq.de\\\/en\\\/community-and-membership\\\/\"},{\"@type\":\"ListItem\",\"position\":3,\"name\":\"Managing Director and Board\"}]},{\"@type\":\"WebSite\",\"@id\":\"https:\\\/\\\/www.dgq.de\\\/en\\\/#website\",\"url\":\"https:\\\/\\\/www.dgq.de\\\/en\\\/\",\"name\":\"Deutsche Gesellschaft f\u00fcr Qualit\u00e4t\",\"description\":\"Deutsche Gesellschaft f\u00fcr Qualit\u00e4t\",\"potentialAction\":[{\"@type\":\"SearchAction\",\"target\":{\"@type\":\"EntryPoint\",\"urlTemplate\":\"https:\\\/\\\/www.dgq.de\\\/en\\\/?s={search_term_string}\"},\"query-input\":{\"@type\":\"PropertyValueSpecification\",\"valueRequired\":true,\"valueName\":\"search_term_string\"}}],\"inLanguage\":\"en-US\"}]}<\/script>\n<!-- \/ Yoast SEO Premium plugin. -->","yoast_head_json":{"title":"Managing Director and Board - Deutsche Gesellschaft f\u00fcr Qualit\u00e4t","robots":{"index":"index","follow":"follow","max-snippet":"max-snippet:-1","max-image-preview":"max-image-preview:large","max-video-preview":"max-video-preview:-1"},"canonical":"https:\/\/www.dgq.de\/en\/community-and-membership\/board\/","og_locale":"en_US","og_type":"article","og_title":"Managing Director and Board","og_description":"Managing Director Managing Director Claudia Welker Board President Prof. Dr. Robert Schmitt Deputy President Dr. rer. nat. Norbert M. Gorny Michael Burghartz-Widmann Dr. med. Ingo H\u00fcttner Dr. rer. nat. Paul K\u00fcbler Diplom-Kauffrau Angelika M\u00fcller \u2013 Sollence\u00ae GmbH, gesch\u00e4ftsf\u00fchrende Gesellschafterin","og_url":"https:\/\/www.dgq.de\/en\/community-and-membership\/board\/","og_site_name":"Deutsche Gesellschaft f\u00fcr Qualit\u00e4t","article_modified_time":"2026-04-22T08:00:20+00:00","og_image":[{"url":"https:\/\/www.dgq.de\/wp-content\/uploads\/2021\/07\/Claudia-Welker-2021.jpg","type":"","width":"","height":""}],"twitter_card":"summary_large_image","twitter_misc":{"Est. reading time":"2 minutes"},"schema":{"@context":"https:\/\/schema.org","@graph":[{"@type":"WebPage","@id":"https:\/\/www.dgq.de\/en\/community-and-membership\/board\/","url":"https:\/\/www.dgq.de\/en\/community-and-membership\/board\/","name":"Managing Director and Board - Deutsche Gesellschaft f\u00fcr Qualit\u00e4t","isPartOf":{"@id":"https:\/\/www.dgq.de\/en\/#website"},"primaryImageOfPage":{"@id":"https:\/\/www.dgq.de\/en\/community-and-membership\/board\/#primaryimage"},"image":{"@id":"https:\/\/www.dgq.de\/en\/community-and-membership\/board\/#primaryimage"},"thumbnailUrl":"https:\/\/dgq-test\/wp-content\/uploads\/2021\/07\/Claudia-Welker-2021.jpg","datePublished":"2018-09-07T07:22:15+00:00","dateModified":"2026-04-22T08:00:20+00:00","breadcrumb":{"@id":"https:\/\/www.dgq.de\/en\/community-and-membership\/board\/#breadcrumb"},"inLanguage":"en-US","potentialAction":[{"@type":"ReadAction","target":["https:\/\/www.dgq.de\/en\/community-and-membership\/board\/"]}]},{"@type":"ImageObject","inLanguage":"en-US","@id":"https:\/\/www.dgq.de\/en\/community-and-membership\/board\/#primaryimage","url":"https:\/\/dgq-test\/wp-content\/uploads\/2021\/07\/Claudia-Welker-2021.jpg","contentUrl":"https:\/\/dgq-test\/wp-content\/uploads\/2021\/07\/Claudia-Welker-2021.jpg"},{"@type":"BreadcrumbList","@id":"https:\/\/www.dgq.de\/en\/community-and-membership\/board\/#breadcrumb","itemListElement":[{"@type":"ListItem","position":1,"name":"Startseite","item":"https:\/\/www.dgq.de\/en\/"},{"@type":"ListItem","position":2,"name":"Community and membership","item":"https:\/\/www.dgq.de\/en\/community-and-membership\/"},{"@type":"ListItem","position":3,"name":"Managing Director and Board"}]},{"@type":"WebSite","@id":"https:\/\/www.dgq.de\/en\/#website","url":"https:\/\/www.dgq.de\/en\/","name":"Deutsche Gesellschaft f\u00fcr Qualit\u00e4t","description":"Deutsche Gesellschaft f\u00fcr Qualit\u00e4t","potentialAction":[{"@type":"SearchAction","target":{"@type":"EntryPoint","urlTemplate":"https:\/\/www.dgq.de\/en\/?s={search_term_string}"},"query-input":{"@type":"PropertyValueSpecification","valueRequired":true,"valueName":"search_term_string"}}],"inLanguage":"en-US"}]}},"_links":{"self":[{"href":"https:\/\/www.dgq.de\/en\/wp-json\/wp\/v2\/pages\/16883","targetHints":{"allow":["GET"]}}],"collection":[{"href":"https:\/\/www.dgq.de\/en\/wp-json\/wp\/v2\/pages"}],"about":[{"href":"https:\/\/www.dgq.de\/en\/wp-json\/wp\/v2\/types\/page"}],"author":[{"embeddable":true,"href":"https:\/\/www.dgq.de\/en\/wp-json\/wp\/v2\/users\/11"}],"replies":[{"embeddable":true,"href":"https:\/\/www.dgq.de\/en\/wp-json\/wp\/v2\/comments?post=16883"}],"version-history":[{"count":5,"href":"https:\/\/www.dgq.de\/en\/wp-json\/wp\/v2\/pages\/16883\/revisions"}],"predecessor-version":[{"id":17273,"href":"https:\/\/www.dgq.de\/en\/wp-json\/wp\/v2\/pages\/16883\/revisions\/17273"}],"up":[{"embeddable":true,"href":"https:\/\/www.dgq.de\/en\/wp-json\/wp\/v2\/pages\/16822"}],"wp:attachment":[{"href":"https:\/\/www.dgq.de\/en\/wp-json\/wp\/v2\/media?parent=16883"}],"wp:term":[{"taxonomy":"post_tag","embeddable":true,"href":"https:\/\/www.dgq.de\/en\/wp-json\/wp\/v2\/tags?post=16883"}],"curies":[{"name":"wp","href":"https:\/\/api.w.org\/{rel}","templated":true}]}}