{"id":16867,"date":"2018-09-07T08:42:12","date_gmt":"2018-09-07T06:42:12","guid":{"rendered":"https:\/\/www.dgq.de\/en\/?page_id=16867"},"modified":"2018-09-07T10:34:23","modified_gmt":"2018-09-07T08:34:23","slug":"products-and-services","status":"publish","type":"page","link":"https:\/\/www.dgq.de\/en\/products-and-services\/","title":{"rendered":"Products and Services"},"content":{"rendered":"<div id=\"pl-16867\"  class=\"panel-layout\" ><div id=\"pg-16867-0\"  class=\"panel-grid panel-no-style\" ><div id=\"pgc-16867-0-0\"  class=\"panel-grid-cell\" ><div id=\"panel-16867-0-0-0\" class=\"so-panel widget widget_black-studio-tinymce widget_black_studio_tinymce panel-first-child panel-last-child widgetopts-SO\" data-index=\"0\" ><div class=\"textwidget\"><p class=\"lead\">Further training, onsite training, consulting and personal certification \u2013 our products and services meet all of your requirements.<\/p>\n<\/div><\/div><\/div><\/div><div id=\"pg-16867-1\"  class=\"panel-grid panel-no-style\" ><div id=\"pgc-16867-1-0\"  class=\"panel-grid-cell\" ><div id=\"panel-16867-1-0-0\" class=\"so-panel widget widget_black-studio-tinymce widget_black_studio_tinymce panel-first-child panel-last-child widgetopts-SO\" data-index=\"1\" ><div class=\"textwidget\"><div class=\"teaser\">\n<h3 class=\"thema_title\">Trainings<\/h3>\n<p><img decoding=\"async\" src=\"https:\/\/www.dgq.de\/en\/wp-content\/uploads\/sites\/2\/2018\/09\/Further-Training.jpg\" alt=\"Trainings\" \/><\/p>\n<div class=\"teaser_content\">\n<p>The DGQ offers certificate trainings, specialised courses, interactive practical workshops regarding trend topics as well as e-learnings.<\/p>\n<p><i class=\"fa fa-arrow-circle-right\"><\/i> <a href=\"https:\/\/www.dgq.de\/en\/products-and-services\/trainings\/\">Learn more<\/a><\/p>\n<\/div>\n<p><!-- \/teaser_content 2 --><\/p>\n<\/div>\n<\/div><\/div><\/div><div id=\"pgc-16867-1-1\"  class=\"panel-grid-cell\" ><div id=\"panel-16867-1-1-0\" class=\"so-panel widget widget_black-studio-tinymce widget_black_studio_tinymce panel-first-child panel-last-child widgetopts-SO\" data-index=\"2\" ><div class=\"textwidget\"><div class=\"teaser\">\n<h3 class=\"thema_title\">Onsite Training<\/h3>\n<p><img decoding=\"async\" src=\"https:\/\/www.dgq.de\/en\/wp-content\/uploads\/sites\/2\/2018\/09\/201807Team-Inhouse.jpg\" alt=\"Onsite training\" \/><\/p>\n<div class=\"teaser_content\">\n<p>Onsite training with DGQ means trainers and experts with practical experience, tailor-made contents and a professional all-in service.<\/p>\n<p><i class=\"fa fa-arrow-circle-right\"><\/i> <a href=\"https:\/\/www.dgq.de\/en\/products-and-services\/onsite-training\/\">Learn more<\/a><\/p>\n<\/div>\n<p><!-- \/teaser_content 2 --><\/p>\n<\/div>\n<\/div><\/div><\/div><\/div><div id=\"pg-16867-2\"  class=\"panel-grid panel-no-style\" ><div id=\"pgc-16867-2-0\"  class=\"panel-grid-cell\" ><div id=\"panel-16867-2-0-0\" class=\"so-panel widget widget_black-studio-tinymce widget_black_studio_tinymce panel-first-child panel-last-child widgetopts-SO\" data-index=\"3\" ><div class=\"textwidget\"><div class=\"teaser\">\n<h3 class=\"thema_title\">Consulting<\/h3>\n<p><img decoding=\"async\" src=\"https:\/\/www.dgq.de\/en\/wp-content\/uploads\/sites\/2\/2018\/09\/201606Beratung-1.jpg\" alt=\"Consulting\" \/><\/p>\n<div class=\"teaser_content\">\n<p>The DGQ consulting combines individual solutions to problems with innovative procedure. <\/p>\n<p><i class=\"fa fa-arrow-circle-right\"><\/i> <a href=\"https:\/\/www.dgq.de\/en\/products-and-services\/consulting\/\">Learn more<\/a><\/p>\n<\/div>\n<p><!-- \/teaser_content 2 --><\/p>\n<\/div>\n<\/div><\/div><\/div><div id=\"pgc-16867-2-1\"  class=\"panel-grid-cell\" ><div id=\"panel-16867-2-1-0\" class=\"so-panel widget widget_black-studio-tinymce widget_black_studio_tinymce panel-first-child panel-last-child widgetopts-SO\" data-index=\"4\" ><div class=\"textwidget\"><div class=\"teaser\">\n<h3 class=\"thema_title\">Personal Certification<\/h3>\n<p><img decoding=\"async\" src=\"https:\/\/www.dgq.de\/en\/wp-content\/uploads\/sites\/2\/2018\/09\/201306Personenzertifizierung.jpg\" alt=\"Personal Certification\" \/><\/p>\n<div class=\"teaser_content\">\n<p>DGQ certificates are well-known and accepted, both nationally and internationally.<\/p>\n<p><i class=\"fa fa-arrow-circle-right\"><\/i> <a href=\"https:\/\/www.dgq.de\/en\/products-and-services\/personal-certification\/\">Learn more<\/a><\/p>\n<\/div>\n<p><!-- \/teaser_content 2 --><\/p>\n<\/div>\n<\/div><\/div><\/div><\/div><\/div>","protected":false},"excerpt":{"rendered":"<p>Further training, onsite training, consulting and personal certification \u2013 our products and services meet all of your requirements. Trainings The DGQ offers certificate trainings, specialised courses, interactive practical workshops regarding trend topics as well as e-learnings. Learn more Onsite Training Onsite training with DGQ means trainers and experts with practical experience, tailor-made contents and a professional all-in service. Learn more<\/p>\n","protected":false},"author":38,"featured_media":16912,"parent":0,"menu_order":5,"comment_status":"closed","ping_status":"closed","template":"","meta":{"_acf_changed":false,"episode_type":"","audio_file":"","podmotor_file_id":"","podmotor_episode_id":"","cover_image":"","cover_image_id":"","duration":"","filesize":"","filesize_raw":"","date_recorded":"","explicit":"","block":"","itunes_episode_number":"","itunes_title":"","itunes_season_number":"","itunes_episode_type":"","_glsr_average":0,"_glsr_ranking":0,"_glsr_reviews":0,"footnotes":""},"tags":[],"class_list":["post-16867","page","type-page","status-publish","has-post-thumbnail","hentry"],"acf":[],"yoast_head":"<!-- This site is optimized with the Yoast SEO Premium plugin v27.4 (Yoast SEO v27.4) - https:\/\/yoast.com\/product\/yoast-seo-premium-wordpress\/ -->\n<title>Products and Services - Deutsche Gesellschaft f\u00fcr Qualit\u00e4t<\/title>\n<meta name=\"robots\" content=\"index, follow, max-snippet:-1, max-image-preview:large, max-video-preview:-1\" \/>\n<link rel=\"canonical\" href=\"https:\/\/www.dgq.de\/en\/products-and-services\/\" \/>\n<meta property=\"og:locale\" content=\"en_US\" \/>\n<meta property=\"og:type\" content=\"article\" \/>\n<meta property=\"og:title\" content=\"Products and Services\" \/>\n<meta property=\"og:description\" content=\"Further training, onsite training, consulting and personal certification \u2013 our products and services meet all of your requirements. Trainings The DGQ offers certificate trainings, specialised courses, interactive practical workshops regarding trend topics as well as e-learnings. Learn more Onsite Training Onsite training with DGQ means trainers and experts with practical experience, tailor-made contents and a professional all-in service. Learn more\" \/>\n<meta property=\"og:url\" content=\"https:\/\/www.dgq.de\/en\/products-and-services\/\" \/>\n<meta property=\"og:site_name\" content=\"Deutsche Gesellschaft f\u00fcr Qualit\u00e4t\" \/>\n<meta property=\"article:modified_time\" content=\"2018-09-07T08:34:23+00:00\" \/>\n<meta property=\"og:image\" content=\"https:\/\/www.dgq.de\/en\/wp-content\/uploads\/sites\/2\/2018\/09\/Audit.jpg\" \/>\n\t<meta property=\"og:image:width\" content=\"940\" \/>\n\t<meta property=\"og:image:height\" content=\"410\" \/>\n\t<meta property=\"og:image:type\" content=\"image\/jpeg\" \/>\n<meta name=\"twitter:card\" content=\"summary_large_image\" \/>\n<script type=\"application\/ld+json\" class=\"yoast-schema-graph\">{\"@context\":\"https:\\\/\\\/schema.org\",\"@graph\":[{\"@type\":\"WebPage\",\"@id\":\"https:\\\/\\\/www.dgq.de\\\/en\\\/products-and-services\\\/\",\"url\":\"https:\\\/\\\/www.dgq.de\\\/en\\\/products-and-services\\\/\",\"name\":\"Products and Services - Deutsche Gesellschaft f\u00fcr Qualit\u00e4t\",\"isPartOf\":{\"@id\":\"https:\\\/\\\/www.dgq.de\\\/en\\\/#website\"},\"primaryImageOfPage\":{\"@id\":\"https:\\\/\\\/www.dgq.de\\\/en\\\/products-and-services\\\/#primaryimage\"},\"image\":{\"@id\":\"https:\\\/\\\/www.dgq.de\\\/en\\\/products-and-services\\\/#primaryimage\"},\"thumbnailUrl\":\"https:\\\/\\\/www.dgq.de\\\/en\\\/wp-content\\\/uploads\\\/sites\\\/2\\\/2018\\\/09\\\/Audit.jpg\",\"datePublished\":\"2018-09-07T06:42:12+00:00\",\"dateModified\":\"2018-09-07T08:34:23+00:00\",\"breadcrumb\":{\"@id\":\"https:\\\/\\\/www.dgq.de\\\/en\\\/products-and-services\\\/#breadcrumb\"},\"inLanguage\":\"en-US\",\"potentialAction\":[{\"@type\":\"ReadAction\",\"target\":[\"https:\\\/\\\/www.dgq.de\\\/en\\\/products-and-services\\\/\"]}]},{\"@type\":\"ImageObject\",\"inLanguage\":\"en-US\",\"@id\":\"https:\\\/\\\/www.dgq.de\\\/en\\\/products-and-services\\\/#primaryimage\",\"url\":\"https:\\\/\\\/www.dgq.de\\\/en\\\/wp-content\\\/uploads\\\/sites\\\/2\\\/2018\\\/09\\\/Audit.jpg\",\"contentUrl\":\"https:\\\/\\\/www.dgq.de\\\/en\\\/wp-content\\\/uploads\\\/sites\\\/2\\\/2018\\\/09\\\/Audit.jpg\",\"width\":940,\"height\":410,\"caption\":\"Products and Services\"},{\"@type\":\"BreadcrumbList\",\"@id\":\"https:\\\/\\\/www.dgq.de\\\/en\\\/products-and-services\\\/#breadcrumb\",\"itemListElement\":[{\"@type\":\"ListItem\",\"position\":1,\"name\":\"Startseite\",\"item\":\"https:\\\/\\\/www.dgq.de\\\/en\\\/\"},{\"@type\":\"ListItem\",\"position\":2,\"name\":\"Products and Services\"}]},{\"@type\":\"WebSite\",\"@id\":\"https:\\\/\\\/www.dgq.de\\\/en\\\/#website\",\"url\":\"https:\\\/\\\/www.dgq.de\\\/en\\\/\",\"name\":\"Deutsche Gesellschaft f\u00fcr Qualit\u00e4t\",\"description\":\"Deutsche Gesellschaft f\u00fcr Qualit\u00e4t\",\"potentialAction\":[{\"@type\":\"SearchAction\",\"target\":{\"@type\":\"EntryPoint\",\"urlTemplate\":\"https:\\\/\\\/www.dgq.de\\\/en\\\/?s={search_term_string}\"},\"query-input\":{\"@type\":\"PropertyValueSpecification\",\"valueRequired\":true,\"valueName\":\"search_term_string\"}}],\"inLanguage\":\"en-US\"}]}<\/script>\n<!-- \/ Yoast SEO Premium plugin. -->","yoast_head_json":{"title":"Products and Services - Deutsche Gesellschaft f\u00fcr Qualit\u00e4t","robots":{"index":"index","follow":"follow","max-snippet":"max-snippet:-1","max-image-preview":"max-image-preview:large","max-video-preview":"max-video-preview:-1"},"canonical":"https:\/\/www.dgq.de\/en\/products-and-services\/","og_locale":"en_US","og_type":"article","og_title":"Products and Services","og_description":"Further training, onsite training, consulting and personal certification \u2013 our products and services meet all of your requirements. Trainings The DGQ offers certificate trainings, specialised courses, interactive practical workshops regarding trend topics as well as e-learnings. Learn more Onsite Training Onsite training with DGQ means trainers and experts with practical experience, tailor-made contents and a professional all-in service. Learn more","og_url":"https:\/\/www.dgq.de\/en\/products-and-services\/","og_site_name":"Deutsche Gesellschaft f\u00fcr Qualit\u00e4t","article_modified_time":"2018-09-07T08:34:23+00:00","og_image":[{"width":940,"height":410,"url":"https:\/\/www.dgq.de\/en\/wp-content\/uploads\/sites\/2\/2018\/09\/Audit.jpg","type":"image\/jpeg"}],"twitter_card":"summary_large_image","schema":{"@context":"https:\/\/schema.org","@graph":[{"@type":"WebPage","@id":"https:\/\/www.dgq.de\/en\/products-and-services\/","url":"https:\/\/www.dgq.de\/en\/products-and-services\/","name":"Products and Services - Deutsche Gesellschaft f\u00fcr Qualit\u00e4t","isPartOf":{"@id":"https:\/\/www.dgq.de\/en\/#website"},"primaryImageOfPage":{"@id":"https:\/\/www.dgq.de\/en\/products-and-services\/#primaryimage"},"image":{"@id":"https:\/\/www.dgq.de\/en\/products-and-services\/#primaryimage"},"thumbnailUrl":"https:\/\/www.dgq.de\/en\/wp-content\/uploads\/sites\/2\/2018\/09\/Audit.jpg","datePublished":"2018-09-07T06:42:12+00:00","dateModified":"2018-09-07T08:34:23+00:00","breadcrumb":{"@id":"https:\/\/www.dgq.de\/en\/products-and-services\/#breadcrumb"},"inLanguage":"en-US","potentialAction":[{"@type":"ReadAction","target":["https:\/\/www.dgq.de\/en\/products-and-services\/"]}]},{"@type":"ImageObject","inLanguage":"en-US","@id":"https:\/\/www.dgq.de\/en\/products-and-services\/#primaryimage","url":"https:\/\/www.dgq.de\/en\/wp-content\/uploads\/sites\/2\/2018\/09\/Audit.jpg","contentUrl":"https:\/\/www.dgq.de\/en\/wp-content\/uploads\/sites\/2\/2018\/09\/Audit.jpg","width":940,"height":410,"caption":"Products and Services"},{"@type":"BreadcrumbList","@id":"https:\/\/www.dgq.de\/en\/products-and-services\/#breadcrumb","itemListElement":[{"@type":"ListItem","position":1,"name":"Startseite","item":"https:\/\/www.dgq.de\/en\/"},{"@type":"ListItem","position":2,"name":"Products and Services"}]},{"@type":"WebSite","@id":"https:\/\/www.dgq.de\/en\/#website","url":"https:\/\/www.dgq.de\/en\/","name":"Deutsche Gesellschaft f\u00fcr Qualit\u00e4t","description":"Deutsche Gesellschaft f\u00fcr Qualit\u00e4t","potentialAction":[{"@type":"SearchAction","target":{"@type":"EntryPoint","urlTemplate":"https:\/\/www.dgq.de\/en\/?s={search_term_string}"},"query-input":{"@type":"PropertyValueSpecification","valueRequired":true,"valueName":"search_term_string"}}],"inLanguage":"en-US"}]}},"_links":{"self":[{"href":"https:\/\/www.dgq.de\/en\/wp-json\/wp\/v2\/pages\/16867","targetHints":{"allow":["GET"]}}],"collection":[{"href":"https:\/\/www.dgq.de\/en\/wp-json\/wp\/v2\/pages"}],"about":[{"href":"https:\/\/www.dgq.de\/en\/wp-json\/wp\/v2\/types\/page"}],"author":[{"embeddable":true,"href":"https:\/\/www.dgq.de\/en\/wp-json\/wp\/v2\/users\/38"}],"replies":[{"embeddable":true,"href":"https:\/\/www.dgq.de\/en\/wp-json\/wp\/v2\/comments?post=16867"}],"version-history":[{"count":3,"href":"https:\/\/www.dgq.de\/en\/wp-json\/wp\/v2\/pages\/16867\/revisions"}],"predecessor-version":[{"id":16937,"href":"https:\/\/www.dgq.de\/en\/wp-json\/wp\/v2\/pages\/16867\/revisions\/16937"}],"wp:featuredmedia":[{"embeddable":true,"href":"https:\/\/www.dgq.de\/en\/wp-json\/wp\/v2\/media\/16912"}],"wp:attachment":[{"href":"https:\/\/www.dgq.de\/en\/wp-json\/wp\/v2\/media?parent=16867"}],"wp:term":[{"taxonomy":"post_tag","embeddable":true,"href":"https:\/\/www.dgq.de\/en\/wp-json\/wp\/v2\/tags?post=16867"}],"curies":[{"name":"wp","href":"https:\/\/api.w.org\/{rel}","templated":true}]}}