{"id":16851,"date":"2018-09-06T13:32:04","date_gmt":"2018-09-06T11:32:04","guid":{"rendered":"https:\/\/www.dgq.de\/en\/?page_id=16851"},"modified":"2024-12-10T15:03:51","modified_gmt":"2024-12-10T14:03:51","slug":"expert-groups","status":"publish","type":"page","link":"https:\/\/www.dgq.de\/en\/community-and-membership\/expert-groups\/","title":{"rendered":"Expert groups"},"content":{"rendered":"<p class=\"lead\">Participants in expert groups <span class=\"cd-color\">develop real-world solutions<\/span> for the DGQ community.<\/p>\n<p>In the 10 expert groups of the DGQ practitioner and experts come together to introduce, discuss and process a specific question from their practice. The participants in these expert groups develop together real-world solutions which are made available to the DGQ community. A majority of the expert groups consequently pursues an agile operating procedure. Elements from Scrum as well as innovative methods as Design Thinking are used to get results and solutions fast.<\/p>\n<p>The team Community Management is responsible for the supervision of the expert groups in the DGQ. The innovation management is also closely involved. It continuously works in many expert groups of the DGQ. There is also an exchange between regional and expert groups. Contents, topics and lecturers from expert groups are also included in events of regional groups. Some members got to know the DGQ via an event of a regional group and are active in an expert group today.<\/p>\n<p>This close network is also the basis for recognising and setting annual topics which are in the focus of the complete DGQ network. Thus, innovative approaches to important current questions may be developed under a holistic perspective.<\/p>\n","protected":false},"excerpt":{"rendered":"<p>Participants in expert groups develop real-world solutions for the DGQ community. In the 10 expert groups of the DGQ practitioner and experts come together to introduce, discuss and process a specific question from their practice. The participants in these expert groups develop together real-world solutions which are made available to the DGQ community. A majority of the expert groups consequently pursues an agile operating procedure. Elements from Scrum as well as innovative methods as Design Thinking are used to get results and solutions fast. The team Community Management is responsible for the supervision of the expert groups in the DGQ. The innovation management is also closely involved. It continuously works in many expert groups of the DGQ. There is also an exchange between regional and expert groups. Contents, topics and lecturers from expert groups are also included in events of regional groups. Some members got to know the DGQ via an event of a regional group and are active in an expert group today. This close network is also the basis for recognising and setting annual topics which are in the focus of the complete DGQ network. Thus, innovative approaches to important current questions may be developed under a holistic [&hellip;]<\/p>\n","protected":false},"author":11,"featured_media":16943,"parent":16822,"menu_order":0,"comment_status":"closed","ping_status":"closed","template":"","meta":{"_acf_changed":false,"episode_type":"","audio_file":"","podmotor_file_id":"","podmotor_episode_id":"","cover_image":"","cover_image_id":"","duration":"","filesize":"","filesize_raw":"","date_recorded":"","explicit":"","block":"","itunes_episode_number":"","itunes_title":"","itunes_season_number":"","itunes_episode_type":"","_glsr_average":0,"_glsr_ranking":0,"_glsr_reviews":0,"footnotes":""},"tags":[],"class_list":["post-16851","page","type-page","status-publish","has-post-thumbnail","hentry"],"acf":[],"yoast_head":"<!-- This site is optimized with the Yoast SEO Premium plugin v27.3 (Yoast SEO v27.3) - https:\/\/yoast.com\/product\/yoast-seo-premium-wordpress\/ -->\n<title>Expert groups - Deutsche Gesellschaft f\u00fcr Qualit\u00e4t<\/title>\n<meta name=\"robots\" content=\"index, follow, max-snippet:-1, max-image-preview:large, max-video-preview:-1\" \/>\n<link rel=\"canonical\" href=\"https:\/\/www.dgq.de\/en\/community-and-membership\/expert-groups\/\" \/>\n<meta property=\"og:locale\" content=\"en_US\" \/>\n<meta property=\"og:type\" content=\"article\" \/>\n<meta property=\"og:title\" content=\"Expert groups\" \/>\n<meta property=\"og:description\" content=\"Participants in expert groups develop real-world solutions for the DGQ community. In the 10 expert groups of the DGQ practitioner and experts come together to introduce, discuss and process a specific question from their practice. The participants in these expert groups develop together real-world solutions which are made available to the DGQ community. A majority of the expert groups consequently pursues an agile operating procedure. Elements from Scrum as well as innovative methods as Design Thinking are used to get results and solutions fast. The team Community Management is responsible for the supervision of the expert groups in the DGQ. The innovation management is also closely involved. It continuously works in many expert groups of the DGQ. There is also an exchange between regional and expert groups. Contents, topics and lecturers from expert groups are also included in events of regional groups. Some members got to know the DGQ via an event of a regional group and are active in an expert group today. This close network is also the basis for recognising and setting annual topics which are in the focus of the complete DGQ network. Thus, innovative approaches to important current questions may be developed under a holistic [&hellip;]\" \/>\n<meta property=\"og:url\" content=\"https:\/\/www.dgq.de\/en\/community-and-membership\/expert-groups\/\" \/>\n<meta property=\"og:site_name\" content=\"Deutsche Gesellschaft f\u00fcr Qualit\u00e4t\" \/>\n<meta property=\"article:modified_time\" content=\"2024-12-10T14:03:51+00:00\" \/>\n<meta property=\"og:image\" content=\"https:\/\/www.dgq.de\/en\/wp-content\/uploads\/sites\/2\/2018\/09\/Expert-Group.jpg\" \/>\n\t<meta property=\"og:image:width\" content=\"940\" \/>\n\t<meta property=\"og:image:height\" content=\"410\" \/>\n\t<meta property=\"og:image:type\" content=\"image\/jpeg\" \/>\n<meta name=\"twitter:card\" content=\"summary_large_image\" \/>\n<meta name=\"twitter:label1\" content=\"Est. reading time\" \/>\n\t<meta name=\"twitter:data1\" content=\"1 minute\" \/>\n<script type=\"application\/ld+json\" class=\"yoast-schema-graph\">{\"@context\":\"https:\\\/\\\/schema.org\",\"@graph\":[{\"@type\":\"WebPage\",\"@id\":\"https:\\\/\\\/www.dgq.de\\\/en\\\/community-and-membership\\\/expert-groups\\\/\",\"url\":\"https:\\\/\\\/www.dgq.de\\\/en\\\/community-and-membership\\\/expert-groups\\\/\",\"name\":\"Expert groups - Deutsche Gesellschaft f\u00fcr Qualit\u00e4t\",\"isPartOf\":{\"@id\":\"https:\\\/\\\/www.dgq.de\\\/en\\\/#website\"},\"primaryImageOfPage\":{\"@id\":\"https:\\\/\\\/www.dgq.de\\\/en\\\/community-and-membership\\\/expert-groups\\\/#primaryimage\"},\"image\":{\"@id\":\"https:\\\/\\\/www.dgq.de\\\/en\\\/community-and-membership\\\/expert-groups\\\/#primaryimage\"},\"thumbnailUrl\":\"https:\\\/\\\/www.dgq.de\\\/en\\\/wp-content\\\/uploads\\\/sites\\\/2\\\/2018\\\/09\\\/Expert-Group.jpg\",\"datePublished\":\"2018-09-06T11:32:04+00:00\",\"dateModified\":\"2024-12-10T14:03:51+00:00\",\"breadcrumb\":{\"@id\":\"https:\\\/\\\/www.dgq.de\\\/en\\\/community-and-membership\\\/expert-groups\\\/#breadcrumb\"},\"inLanguage\":\"en-US\",\"potentialAction\":[{\"@type\":\"ReadAction\",\"target\":[\"https:\\\/\\\/www.dgq.de\\\/en\\\/community-and-membership\\\/expert-groups\\\/\"]}]},{\"@type\":\"ImageObject\",\"inLanguage\":\"en-US\",\"@id\":\"https:\\\/\\\/www.dgq.de\\\/en\\\/community-and-membership\\\/expert-groups\\\/#primaryimage\",\"url\":\"https:\\\/\\\/www.dgq.de\\\/en\\\/wp-content\\\/uploads\\\/sites\\\/2\\\/2018\\\/09\\\/Expert-Group.jpg\",\"contentUrl\":\"https:\\\/\\\/www.dgq.de\\\/en\\\/wp-content\\\/uploads\\\/sites\\\/2\\\/2018\\\/09\\\/Expert-Group.jpg\",\"width\":940,\"height\":410},{\"@type\":\"BreadcrumbList\",\"@id\":\"https:\\\/\\\/www.dgq.de\\\/en\\\/community-and-membership\\\/expert-groups\\\/#breadcrumb\",\"itemListElement\":[{\"@type\":\"ListItem\",\"position\":1,\"name\":\"Startseite\",\"item\":\"https:\\\/\\\/www.dgq.de\\\/en\\\/\"},{\"@type\":\"ListItem\",\"position\":2,\"name\":\"Community and membership\",\"item\":\"https:\\\/\\\/www.dgq.de\\\/en\\\/community-and-membership\\\/\"},{\"@type\":\"ListItem\",\"position\":3,\"name\":\"Expert groups\"}]},{\"@type\":\"WebSite\",\"@id\":\"https:\\\/\\\/www.dgq.de\\\/en\\\/#website\",\"url\":\"https:\\\/\\\/www.dgq.de\\\/en\\\/\",\"name\":\"Deutsche Gesellschaft f\u00fcr Qualit\u00e4t\",\"description\":\"Deutsche Gesellschaft f\u00fcr Qualit\u00e4t\",\"potentialAction\":[{\"@type\":\"SearchAction\",\"target\":{\"@type\":\"EntryPoint\",\"urlTemplate\":\"https:\\\/\\\/www.dgq.de\\\/en\\\/?s={search_term_string}\"},\"query-input\":{\"@type\":\"PropertyValueSpecification\",\"valueRequired\":true,\"valueName\":\"search_term_string\"}}],\"inLanguage\":\"en-US\"}]}<\/script>\n<!-- \/ Yoast SEO Premium plugin. -->","yoast_head_json":{"title":"Expert groups - Deutsche Gesellschaft f\u00fcr Qualit\u00e4t","robots":{"index":"index","follow":"follow","max-snippet":"max-snippet:-1","max-image-preview":"max-image-preview:large","max-video-preview":"max-video-preview:-1"},"canonical":"https:\/\/www.dgq.de\/en\/community-and-membership\/expert-groups\/","og_locale":"en_US","og_type":"article","og_title":"Expert groups","og_description":"Participants in expert groups develop real-world solutions for the DGQ community. In the 10 expert groups of the DGQ practitioner and experts come together to introduce, discuss and process a specific question from their practice. The participants in these expert groups develop together real-world solutions which are made available to the DGQ community. A majority of the expert groups consequently pursues an agile operating procedure. Elements from Scrum as well as innovative methods as Design Thinking are used to get results and solutions fast. The team Community Management is responsible for the supervision of the expert groups in the DGQ. The innovation management is also closely involved. It continuously works in many expert groups of the DGQ. There is also an exchange between regional and expert groups. Contents, topics and lecturers from expert groups are also included in events of regional groups. Some members got to know the DGQ via an event of a regional group and are active in an expert group today. This close network is also the basis for recognising and setting annual topics which are in the focus of the complete DGQ network. Thus, innovative approaches to important current questions may be developed under a holistic [&hellip;]","og_url":"https:\/\/www.dgq.de\/en\/community-and-membership\/expert-groups\/","og_site_name":"Deutsche Gesellschaft f\u00fcr Qualit\u00e4t","article_modified_time":"2024-12-10T14:03:51+00:00","og_image":[{"width":940,"height":410,"url":"https:\/\/www.dgq.de\/en\/wp-content\/uploads\/sites\/2\/2018\/09\/Expert-Group.jpg","type":"image\/jpeg"}],"twitter_card":"summary_large_image","twitter_misc":{"Est. reading time":"1 minute"},"schema":{"@context":"https:\/\/schema.org","@graph":[{"@type":"WebPage","@id":"https:\/\/www.dgq.de\/en\/community-and-membership\/expert-groups\/","url":"https:\/\/www.dgq.de\/en\/community-and-membership\/expert-groups\/","name":"Expert groups - Deutsche Gesellschaft f\u00fcr Qualit\u00e4t","isPartOf":{"@id":"https:\/\/www.dgq.de\/en\/#website"},"primaryImageOfPage":{"@id":"https:\/\/www.dgq.de\/en\/community-and-membership\/expert-groups\/#primaryimage"},"image":{"@id":"https:\/\/www.dgq.de\/en\/community-and-membership\/expert-groups\/#primaryimage"},"thumbnailUrl":"https:\/\/www.dgq.de\/en\/wp-content\/uploads\/sites\/2\/2018\/09\/Expert-Group.jpg","datePublished":"2018-09-06T11:32:04+00:00","dateModified":"2024-12-10T14:03:51+00:00","breadcrumb":{"@id":"https:\/\/www.dgq.de\/en\/community-and-membership\/expert-groups\/#breadcrumb"},"inLanguage":"en-US","potentialAction":[{"@type":"ReadAction","target":["https:\/\/www.dgq.de\/en\/community-and-membership\/expert-groups\/"]}]},{"@type":"ImageObject","inLanguage":"en-US","@id":"https:\/\/www.dgq.de\/en\/community-and-membership\/expert-groups\/#primaryimage","url":"https:\/\/www.dgq.de\/en\/wp-content\/uploads\/sites\/2\/2018\/09\/Expert-Group.jpg","contentUrl":"https:\/\/www.dgq.de\/en\/wp-content\/uploads\/sites\/2\/2018\/09\/Expert-Group.jpg","width":940,"height":410},{"@type":"BreadcrumbList","@id":"https:\/\/www.dgq.de\/en\/community-and-membership\/expert-groups\/#breadcrumb","itemListElement":[{"@type":"ListItem","position":1,"name":"Startseite","item":"https:\/\/www.dgq.de\/en\/"},{"@type":"ListItem","position":2,"name":"Community and membership","item":"https:\/\/www.dgq.de\/en\/community-and-membership\/"},{"@type":"ListItem","position":3,"name":"Expert groups"}]},{"@type":"WebSite","@id":"https:\/\/www.dgq.de\/en\/#website","url":"https:\/\/www.dgq.de\/en\/","name":"Deutsche Gesellschaft f\u00fcr Qualit\u00e4t","description":"Deutsche Gesellschaft f\u00fcr Qualit\u00e4t","potentialAction":[{"@type":"SearchAction","target":{"@type":"EntryPoint","urlTemplate":"https:\/\/www.dgq.de\/en\/?s={search_term_string}"},"query-input":{"@type":"PropertyValueSpecification","valueRequired":true,"valueName":"search_term_string"}}],"inLanguage":"en-US"}]}},"_links":{"self":[{"href":"https:\/\/www.dgq.de\/en\/wp-json\/wp\/v2\/pages\/16851","targetHints":{"allow":["GET"]}}],"collection":[{"href":"https:\/\/www.dgq.de\/en\/wp-json\/wp\/v2\/pages"}],"about":[{"href":"https:\/\/www.dgq.de\/en\/wp-json\/wp\/v2\/types\/page"}],"author":[{"embeddable":true,"href":"https:\/\/www.dgq.de\/en\/wp-json\/wp\/v2\/users\/11"}],"replies":[{"embeddable":true,"href":"https:\/\/www.dgq.de\/en\/wp-json\/wp\/v2\/comments?post=16851"}],"version-history":[{"count":3,"href":"https:\/\/www.dgq.de\/en\/wp-json\/wp\/v2\/pages\/16851\/revisions"}],"predecessor-version":[{"id":17042,"href":"https:\/\/www.dgq.de\/en\/wp-json\/wp\/v2\/pages\/16851\/revisions\/17042"}],"up":[{"embeddable":true,"href":"https:\/\/www.dgq.de\/en\/wp-json\/wp\/v2\/pages\/16822"}],"wp:featuredmedia":[{"embeddable":true,"href":"https:\/\/www.dgq.de\/en\/wp-json\/wp\/v2\/media\/16943"}],"wp:attachment":[{"href":"https:\/\/www.dgq.de\/en\/wp-json\/wp\/v2\/media?parent=16851"}],"wp:term":[{"taxonomy":"post_tag","embeddable":true,"href":"https:\/\/www.dgq.de\/en\/wp-json\/wp\/v2\/tags?post=16851"}],"curies":[{"name":"wp","href":"https:\/\/api.w.org\/{rel}","templated":true}]}}