{"id":16838,"date":"2018-09-06T13:28:39","date_gmt":"2018-09-06T11:28:39","guid":{"rendered":"https:\/\/www.dgq.de\/en\/?page_id=16838"},"modified":"2024-08-14T09:55:53","modified_gmt":"2024-08-14T07:55:53","slug":"trainings-available-in-english","status":"publish","type":"page","link":"https:\/\/www.dgq.de\/en\/trainings\/onsite-training\/trainings-available-in-english\/","title":{"rendered":"Onsite Trainings available in English"},"content":{"rendered":"<p>You are interested in finding out which onsite trainings we offer in English?<br \/>\nHere is an overview of the workshops as well as the trainings with the DGQ certificates that we currently offer.<\/p>\n<h2>Practical workshops \/ courses<\/h2>\n<ul>\n<li>Automotive\n<ul>\n<li>Product Safety &amp; Conformity Representative (PSCR) (VDA QMC)<\/li>\n<li>VDA 6.3:2023 \u2013 Process Auditor \u2013 Qualification (VDA QMC)<\/li>\n<li>IATF 16949 \u2013 1st\/2nd party Auditors \u2013Re-Qualification (VDA QMC)<\/li>\n<li>IATF 16949 \u2013 1st\/2nd party Auditor \u2013 Qualification (VDA QMC)<\/li>\n<li>FMEA according to AIAG-VDA \u2013 Basics (VDA QMC)<\/li>\n<li>Maturity Level Assurance for New Parts (VDA QMC)<\/li>\n<li>VDA 2 \u2013 Production Process and Product Approval (VDA QMC)<\/li>\n<li>VDA Field Failure Analysis for Users (VDA QMC)<\/li>\n<li>Automotive Core Tools (ACT) for Quality Management in the Automotive Industry (VDA QMC)<\/li>\n<li>Automotive Core Tools for Process and System Auditors (VDA QMC)<\/li>\n<\/ul>\n<\/li>\n<li>EFQM Assessor training<\/li>\n<li>DIN EN 9101 \u2013 Internal audit for Aerospace and Defence<\/li>\n<li>DIN EN 9100 \u2013 Quality management for Aerospace and Defence<\/li>\n<\/ul>\n<h2>Trainings with DGQ certificate<\/h2>\n<ul>\n<li>Quality assurance\n<ul>\n<li>Quality assurance in the production environment \u2013 Basics<\/li>\n<li>Collect, evaluate and present statistical data in the production environment<\/li>\n<li>Use improvement methods in the production environment to create value<\/li>\n<\/ul>\n<\/li>\n<li>Quality management (DAkkS accredited)\n<ul>\n<li>Quality management I \u2013 Basics<\/li>\n<li>Quality management II \u2013 Methods, utilisation and communication<\/li>\n<li>Quality management III \u2013 Didactics, analysis and statistics<\/li>\n<li>Quality management IV \u2013 Strategy, integration and further development<\/li>\n<\/ul>\n<\/li>\n<li>Qualification course Internal Auditor<\/li>\n<\/ul>\n<p>&nbsp;<\/p>\n<section class=\"dgq-faq\" data-accid=\"collapse_9663-c43e\" data-single=\"0\"><br class=\"nc\" \/><details class=\"dgq-faq-item\"><summary class=\"dgq-faq-summary\">T<strong>raining topics offered by the DGQ Weiterbildung<\/strong><\/summary><div class=\"dgq-faq-content\"><\/p>\n<ul>\n<li>Quality management<\/li>\n<li>Quality assurance<\/li>\n<li>QM methods and tools<\/li>\n<li>Process management<\/li>\n<li>SIX SIGMA<\/li>\n<li>Production measurement technology<\/li>\n<li>Laboratory management<\/li>\n<li>Environmental management<\/li>\n<li>Energy management<\/li>\n<li>Occupational safety and health management<\/li>\n<li>QM in health and social services<\/li>\n<li>Medical products<\/li>\n<li>Aerospace and defence<\/li>\n<li>Railway industry<\/li>\n<li>Compliance<\/li>\n<li>Data protection<\/li>\n<li>Cyber safety<\/li>\n<li>eLearning and webinars<\/li>\n<li>FMEA- Failure Mode and Effects Analysis<\/li>\n<\/ul>\n<p>\n<\/div><\/details><br class=\"nc\" \/><\/section>\n<p>&nbsp;<\/p>\n<p>Are you interested in having one of these trainings in English?<\/p>\n<p><i class=\"fa fa-arrow-circle-right\"><\/i> <a href=\"https:\/\/www.dgq.de\/en\/contact-us\/?who=vertrieb\">Contact us &gt;&gt;<\/a><\/p>\n","protected":false},"excerpt":{"rendered":"<p>You are interested in finding out which onsite trainings we offer in English? Here is an overview of the workshops as well as the trainings with the DGQ certificates that we currently offer. Practical workshops \/ courses Automotive Product Safety &amp; Conformity Representative (PSCR) (VDA QMC) VDA 6.3:2023 \u2013 Process Auditor \u2013 Qualification (VDA QMC) IATF 16949 \u2013 1st\/2nd party Auditors \u2013Re-Qualification (VDA QMC) IATF 16949 \u2013 1st\/2nd party Auditor \u2013 Qualification (VDA QMC) FMEA according to AIAG-VDA \u2013 Basics (VDA QMC) Maturity Level Assurance for New Parts (VDA QMC) VDA 2 \u2013 Production Process and Product Approval (VDA QMC) VDA Field Failure Analysis for Users (VDA QMC) Automotive Core Tools (ACT) for Quality Management in the Automotive Industry (VDA QMC) Automotive Core Tools for Process and System Auditors (VDA QMC) EFQM Assessor training DIN EN 9101 \u2013 Internal audit for Aerospace and Defence DIN EN 9100 \u2013 Quality management for Aerospace and Defence Trainings with DGQ certificate Quality assurance Quality assurance in the production environment \u2013 Basics Collect, evaluate and present statistical data in the production environment Use improvement methods in the production environment to create value Quality management (DAkkS accredited) Quality management I \u2013 Basics Quality management II [&hellip;]<\/p>\n","protected":false},"author":68,"featured_media":0,"parent":16819,"menu_order":2,"comment_status":"closed","ping_status":"closed","template":"","meta":{"_acf_changed":false,"episode_type":"","audio_file":"","podmotor_file_id":"","podmotor_episode_id":"","cover_image":"","cover_image_id":"","duration":"","filesize":"","filesize_raw":"","date_recorded":"","explicit":"","block":"","itunes_episode_number":"","itunes_title":"","itunes_season_number":"","itunes_episode_type":"","_glsr_average":0,"_glsr_ranking":0,"_glsr_reviews":0,"footnotes":""},"tags":[],"class_list":["post-16838","page","type-page","status-publish","hentry"],"acf":[],"yoast_head":"<!-- This site is optimized with the Yoast SEO Premium plugin v27.3 (Yoast SEO v27.3) - https:\/\/yoast.com\/product\/yoast-seo-premium-wordpress\/ -->\n<title>Onsite Trainings available in English - Deutsche Gesellschaft f\u00fcr Qualit\u00e4t<\/title>\n<meta name=\"robots\" content=\"index, follow, max-snippet:-1, max-image-preview:large, max-video-preview:-1\" \/>\n<link rel=\"canonical\" href=\"https:\/\/www.dgq.de\/en\/trainings\/onsite-training\/trainings-available-in-english\/\" \/>\n<meta property=\"og:locale\" content=\"en_US\" \/>\n<meta property=\"og:type\" content=\"article\" \/>\n<meta property=\"og:title\" content=\"Onsite Trainings available in English\" \/>\n<meta property=\"og:description\" content=\"You are interested in finding out which onsite trainings we offer in English? Here is an overview of the workshops as well as the trainings with the DGQ certificates that we currently offer. Practical workshops \/ courses Automotive Product Safety &amp; Conformity Representative (PSCR) (VDA QMC) VDA 6.3:2023 \u2013 Process Auditor \u2013 Qualification (VDA QMC) IATF 16949 \u2013 1st\/2nd party Auditors \u2013Re-Qualification (VDA QMC) IATF 16949 \u2013 1st\/2nd party Auditor \u2013 Qualification (VDA QMC) FMEA according to AIAG-VDA \u2013 Basics (VDA QMC) Maturity Level Assurance for New Parts (VDA QMC) VDA 2 \u2013 Production Process and Product Approval (VDA QMC) VDA Field Failure Analysis for Users (VDA QMC) Automotive Core Tools (ACT) for Quality Management in the Automotive Industry (VDA QMC) Automotive Core Tools for Process and System Auditors (VDA QMC) EFQM Assessor training DIN EN 9101 \u2013 Internal audit for Aerospace and Defence DIN EN 9100 \u2013 Quality management for Aerospace and Defence Trainings with DGQ certificate Quality assurance Quality assurance in the production environment \u2013 Basics Collect, evaluate and present statistical data in the production environment Use improvement methods in the production environment to create value Quality management (DAkkS accredited) Quality management I \u2013 Basics Quality management II [&hellip;]\" \/>\n<meta property=\"og:url\" content=\"https:\/\/www.dgq.de\/en\/trainings\/onsite-training\/trainings-available-in-english\/\" \/>\n<meta property=\"og:site_name\" content=\"Deutsche Gesellschaft f\u00fcr Qualit\u00e4t\" \/>\n<meta property=\"article:modified_time\" content=\"2024-08-14T07:55:53+00:00\" \/>\n<meta name=\"twitter:card\" content=\"summary_large_image\" \/>\n<meta name=\"twitter:label1\" content=\"Est. reading time\" \/>\n\t<meta name=\"twitter:data1\" content=\"2 minutes\" \/>\n<script type=\"application\/ld+json\" class=\"yoast-schema-graph\">{\"@context\":\"https:\\\/\\\/schema.org\",\"@graph\":[{\"@type\":\"WebPage\",\"@id\":\"https:\\\/\\\/www.dgq.de\\\/en\\\/trainings\\\/onsite-training\\\/trainings-available-in-english\\\/\",\"url\":\"https:\\\/\\\/www.dgq.de\\\/en\\\/trainings\\\/onsite-training\\\/trainings-available-in-english\\\/\",\"name\":\"Onsite Trainings available in English - Deutsche Gesellschaft f\u00fcr Qualit\u00e4t\",\"isPartOf\":{\"@id\":\"https:\\\/\\\/www.dgq.de\\\/en\\\/#website\"},\"datePublished\":\"2018-09-06T11:28:39+00:00\",\"dateModified\":\"2024-08-14T07:55:53+00:00\",\"breadcrumb\":{\"@id\":\"https:\\\/\\\/www.dgq.de\\\/en\\\/trainings\\\/onsite-training\\\/trainings-available-in-english\\\/#breadcrumb\"},\"inLanguage\":\"en-US\",\"potentialAction\":[{\"@type\":\"ReadAction\",\"target\":[\"https:\\\/\\\/www.dgq.de\\\/en\\\/trainings\\\/onsite-training\\\/trainings-available-in-english\\\/\"]}]},{\"@type\":\"BreadcrumbList\",\"@id\":\"https:\\\/\\\/www.dgq.de\\\/en\\\/trainings\\\/onsite-training\\\/trainings-available-in-english\\\/#breadcrumb\",\"itemListElement\":[{\"@type\":\"ListItem\",\"position\":1,\"name\":\"Startseite\",\"item\":\"https:\\\/\\\/www.dgq.de\\\/en\\\/\"},{\"@type\":\"ListItem\",\"position\":2,\"name\":\"Trainings\",\"item\":\"https:\\\/\\\/www.dgq.de\\\/en\\\/trainings\\\/\"},{\"@type\":\"ListItem\",\"position\":3,\"name\":\"Onsite training\",\"item\":\"https:\\\/\\\/www.dgq.de\\\/en\\\/trainings\\\/onsite-training\\\/\"},{\"@type\":\"ListItem\",\"position\":4,\"name\":\"Onsite Trainings available in English\"}]},{\"@type\":\"WebSite\",\"@id\":\"https:\\\/\\\/www.dgq.de\\\/en\\\/#website\",\"url\":\"https:\\\/\\\/www.dgq.de\\\/en\\\/\",\"name\":\"Deutsche Gesellschaft f\u00fcr Qualit\u00e4t\",\"description\":\"Deutsche Gesellschaft f\u00fcr Qualit\u00e4t\",\"potentialAction\":[{\"@type\":\"SearchAction\",\"target\":{\"@type\":\"EntryPoint\",\"urlTemplate\":\"https:\\\/\\\/www.dgq.de\\\/en\\\/?s={search_term_string}\"},\"query-input\":{\"@type\":\"PropertyValueSpecification\",\"valueRequired\":true,\"valueName\":\"search_term_string\"}}],\"inLanguage\":\"en-US\"}]}<\/script>\n<!-- \/ Yoast SEO Premium plugin. -->","yoast_head_json":{"title":"Onsite Trainings available in English - Deutsche Gesellschaft f\u00fcr Qualit\u00e4t","robots":{"index":"index","follow":"follow","max-snippet":"max-snippet:-1","max-image-preview":"max-image-preview:large","max-video-preview":"max-video-preview:-1"},"canonical":"https:\/\/www.dgq.de\/en\/trainings\/onsite-training\/trainings-available-in-english\/","og_locale":"en_US","og_type":"article","og_title":"Onsite Trainings available in English","og_description":"You are interested in finding out which onsite trainings we offer in English? Here is an overview of the workshops as well as the trainings with the DGQ certificates that we currently offer. Practical workshops \/ courses Automotive Product Safety &amp; Conformity Representative (PSCR) (VDA QMC) VDA 6.3:2023 \u2013 Process Auditor \u2013 Qualification (VDA QMC) IATF 16949 \u2013 1st\/2nd party Auditors \u2013Re-Qualification (VDA QMC) IATF 16949 \u2013 1st\/2nd party Auditor \u2013 Qualification (VDA QMC) FMEA according to AIAG-VDA \u2013 Basics (VDA QMC) Maturity Level Assurance for New Parts (VDA QMC) VDA 2 \u2013 Production Process and Product Approval (VDA QMC) VDA Field Failure Analysis for Users (VDA QMC) Automotive Core Tools (ACT) for Quality Management in the Automotive Industry (VDA QMC) Automotive Core Tools for Process and System Auditors (VDA QMC) EFQM Assessor training DIN EN 9101 \u2013 Internal audit for Aerospace and Defence DIN EN 9100 \u2013 Quality management for Aerospace and Defence Trainings with DGQ certificate Quality assurance Quality assurance in the production environment \u2013 Basics Collect, evaluate and present statistical data in the production environment Use improvement methods in the production environment to create value Quality management (DAkkS accredited) Quality management I \u2013 Basics Quality management II [&hellip;]","og_url":"https:\/\/www.dgq.de\/en\/trainings\/onsite-training\/trainings-available-in-english\/","og_site_name":"Deutsche Gesellschaft f\u00fcr Qualit\u00e4t","article_modified_time":"2024-08-14T07:55:53+00:00","twitter_card":"summary_large_image","twitter_misc":{"Est. reading time":"2 minutes"},"schema":{"@context":"https:\/\/schema.org","@graph":[{"@type":"WebPage","@id":"https:\/\/www.dgq.de\/en\/trainings\/onsite-training\/trainings-available-in-english\/","url":"https:\/\/www.dgq.de\/en\/trainings\/onsite-training\/trainings-available-in-english\/","name":"Onsite Trainings available in English - Deutsche Gesellschaft f\u00fcr Qualit\u00e4t","isPartOf":{"@id":"https:\/\/www.dgq.de\/en\/#website"},"datePublished":"2018-09-06T11:28:39+00:00","dateModified":"2024-08-14T07:55:53+00:00","breadcrumb":{"@id":"https:\/\/www.dgq.de\/en\/trainings\/onsite-training\/trainings-available-in-english\/#breadcrumb"},"inLanguage":"en-US","potentialAction":[{"@type":"ReadAction","target":["https:\/\/www.dgq.de\/en\/trainings\/onsite-training\/trainings-available-in-english\/"]}]},{"@type":"BreadcrumbList","@id":"https:\/\/www.dgq.de\/en\/trainings\/onsite-training\/trainings-available-in-english\/#breadcrumb","itemListElement":[{"@type":"ListItem","position":1,"name":"Startseite","item":"https:\/\/www.dgq.de\/en\/"},{"@type":"ListItem","position":2,"name":"Trainings","item":"https:\/\/www.dgq.de\/en\/trainings\/"},{"@type":"ListItem","position":3,"name":"Onsite training","item":"https:\/\/www.dgq.de\/en\/trainings\/onsite-training\/"},{"@type":"ListItem","position":4,"name":"Onsite Trainings available in English"}]},{"@type":"WebSite","@id":"https:\/\/www.dgq.de\/en\/#website","url":"https:\/\/www.dgq.de\/en\/","name":"Deutsche Gesellschaft f\u00fcr Qualit\u00e4t","description":"Deutsche Gesellschaft f\u00fcr Qualit\u00e4t","potentialAction":[{"@type":"SearchAction","target":{"@type":"EntryPoint","urlTemplate":"https:\/\/www.dgq.de\/en\/?s={search_term_string}"},"query-input":{"@type":"PropertyValueSpecification","valueRequired":true,"valueName":"search_term_string"}}],"inLanguage":"en-US"}]}},"_links":{"self":[{"href":"https:\/\/www.dgq.de\/en\/wp-json\/wp\/v2\/pages\/16838","targetHints":{"allow":["GET"]}}],"collection":[{"href":"https:\/\/www.dgq.de\/en\/wp-json\/wp\/v2\/pages"}],"about":[{"href":"https:\/\/www.dgq.de\/en\/wp-json\/wp\/v2\/types\/page"}],"author":[{"embeddable":true,"href":"https:\/\/www.dgq.de\/en\/wp-json\/wp\/v2\/users\/68"}],"replies":[{"embeddable":true,"href":"https:\/\/www.dgq.de\/en\/wp-json\/wp\/v2\/comments?post=16838"}],"version-history":[{"count":6,"href":"https:\/\/www.dgq.de\/en\/wp-json\/wp\/v2\/pages\/16838\/revisions"}],"predecessor-version":[{"id":17267,"href":"https:\/\/www.dgq.de\/en\/wp-json\/wp\/v2\/pages\/16838\/revisions\/17267"}],"up":[{"embeddable":true,"href":"https:\/\/www.dgq.de\/en\/wp-json\/wp\/v2\/pages\/16819"}],"wp:attachment":[{"href":"https:\/\/www.dgq.de\/en\/wp-json\/wp\/v2\/media?parent=16838"}],"wp:term":[{"taxonomy":"post_tag","embeddable":true,"href":"https:\/\/www.dgq.de\/en\/wp-json\/wp\/v2\/tags?post=16838"}],"curies":[{"name":"wp","href":"https:\/\/api.w.org\/{rel}","templated":true}]}}