{"id":16831,"date":"2018-09-06T13:30:15","date_gmt":"2018-09-06T11:30:15","guid":{"rendered":"https:\/\/www.dgq.de\/en\/?page_id=16831"},"modified":"2025-12-02T13:20:56","modified_gmt":"2025-12-02T12:20:56","slug":"personal-certification","status":"publish","type":"page","link":"https:\/\/www.dgq.de\/en\/personal-certification\/","title":{"rendered":"Personal certification"},"content":{"rendered":"<p class=\"lead\">The DGQ Personnel Certification Body \u2013 <span class=\"cd-color\">accredited according to ISO\/IEC 17024<\/span> and in the alliance with many national and international committees<\/p>\n<p>Annually the DGQ Personnel Certification Body awards more than 9,000 certificates accepted on the market.<\/p>\n<p>As the only national partner the DGQ Certification Body for Persons awards also certificates of the European Organization for Quality (EOQ) in Germany. These certificates are based on Europe-wide harmonised certification programmes. They are an internationally accepted proof of competence.<\/p>\n<h2>Accepted, accredited certification body<\/h2>\n<p>As certification body for management and quality specialists the DGQ is well-known and accepted, both nationally and internationally. It is certified according to ISO 9001 by the German Society for the Certification of Management Systems (DQS). Furthermore the DGQ Certification Body for Persons is accredited according to ISO\/IEC 17024 by the German Accreditation Body (DAkkS).<\/p>\n<p>Due to the high reputation of the DGQ certificates the independent DGQ Certification Body for Persons is a sought-after cooperation partner for external organisations, institutes, academies and universities.<\/p>\n","protected":false},"excerpt":{"rendered":"<p>The DGQ Personnel Certification Body \u2013 accredited according to ISO\/IEC 17024 and in the alliance with many national and international committees Annually the DGQ Personnel Certification Body awards more than 9,000 certificates accepted on the market. As the only national partner the DGQ Certification Body for Persons awards also certificates of the European Organization for Quality (EOQ) in Germany. These certificates are based on Europe-wide harmonised certification programmes. They are an internationally accepted proof of competence. Accepted, accredited certification body As certification body for management and quality specialists the DGQ is well-known and accepted, both nationally and internationally. It is certified according to ISO 9001 by the German Society for the Certification of Management Systems (DQS). Furthermore the DGQ Certification Body for Persons is accredited according to ISO\/IEC 17024 by the German Accreditation Body (DAkkS). Due to the high reputation of the DGQ certificates the independent DGQ Certification Body for Persons is a sought-after cooperation partner for external organisations, institutes, academies and universities.<\/p>\n","protected":false},"author":11,"featured_media":16832,"parent":0,"menu_order":5,"comment_status":"closed","ping_status":"closed","template":"","meta":{"_acf_changed":false,"episode_type":"","audio_file":"","podmotor_file_id":"","podmotor_episode_id":"","cover_image":"","cover_image_id":"","duration":"","filesize":"","filesize_raw":"","date_recorded":"","explicit":"","block":"","itunes_episode_number":"","itunes_title":"","itunes_season_number":"","itunes_episode_type":"","_glsr_average":0,"_glsr_ranking":0,"_glsr_reviews":0,"footnotes":""},"tags":[],"class_list":["post-16831","page","type-page","status-publish","has-post-thumbnail","hentry"],"acf":[],"yoast_head":"<!-- This site is optimized with the Yoast SEO Premium plugin v27.4 (Yoast SEO v27.4) - https:\/\/yoast.com\/product\/yoast-seo-premium-wordpress\/ -->\n<title>Personal certification - Deutsche Gesellschaft f\u00fcr Qualit\u00e4t<\/title>\n<meta name=\"robots\" content=\"index, follow, max-snippet:-1, max-image-preview:large, max-video-preview:-1\" \/>\n<link rel=\"canonical\" href=\"https:\/\/www.dgq.de\/en\/products-and-services\/personal-certification\/\" \/>\n<meta property=\"og:locale\" content=\"en_US\" \/>\n<meta property=\"og:type\" content=\"article\" \/>\n<meta property=\"og:title\" content=\"Personal certification\" \/>\n<meta property=\"og:description\" content=\"The DGQ Personnel Certification Body \u2013 accredited according to ISO\/IEC 17024 and in the alliance with many national and international committees Annually the DGQ Personnel Certification Body awards more than 9,000 certificates accepted on the market. As the only national partner the DGQ Certification Body for Persons awards also certificates of the European Organization for Quality (EOQ) in Germany. These certificates are based on Europe-wide harmonised certification programmes. They are an internationally accepted proof of competence. Accepted, accredited certification body As certification body for management and quality specialists the DGQ is well-known and accepted, both nationally and internationally. It is certified according to ISO 9001 by the German Society for the Certification of Management Systems (DQS). Furthermore the DGQ Certification Body for Persons is accredited according to ISO\/IEC 17024 by the German Accreditation Body (DAkkS). Due to the high reputation of the DGQ certificates the independent DGQ Certification Body for Persons is a sought-after cooperation partner for external organisations, institutes, academies and universities.\" \/>\n<meta property=\"og:url\" content=\"https:\/\/www.dgq.de\/en\/products-and-services\/personal-certification\/\" \/>\n<meta property=\"og:site_name\" content=\"Deutsche Gesellschaft f\u00fcr Qualit\u00e4t\" \/>\n<meta property=\"article:modified_time\" content=\"2025-12-02T12:20:56+00:00\" \/>\n<meta property=\"og:image\" content=\"https:\/\/www.dgq.de\/en\/wp-content\/uploads\/sites\/2\/2018\/09\/201306Personenzertifizierung.jpg\" \/>\n\t<meta property=\"og:image:width\" content=\"940\" \/>\n\t<meta property=\"og:image:height\" content=\"410\" \/>\n\t<meta property=\"og:image:type\" content=\"image\/jpeg\" \/>\n<meta name=\"twitter:card\" content=\"summary_large_image\" \/>\n<meta name=\"twitter:label1\" content=\"Est. reading time\" \/>\n\t<meta name=\"twitter:data1\" content=\"1 minute\" \/>\n<script type=\"application\/ld+json\" class=\"yoast-schema-graph\">{\"@context\":\"https:\\\/\\\/schema.org\",\"@graph\":[{\"@type\":\"WebPage\",\"@id\":\"https:\\\/\\\/www.dgq.de\\\/en\\\/products-and-services\\\/personal-certification\\\/\",\"url\":\"https:\\\/\\\/www.dgq.de\\\/en\\\/products-and-services\\\/personal-certification\\\/\",\"name\":\"Personal certification - Deutsche Gesellschaft f\u00fcr Qualit\u00e4t\",\"isPartOf\":{\"@id\":\"https:\\\/\\\/www.dgq.de\\\/en\\\/#website\"},\"primaryImageOfPage\":{\"@id\":\"https:\\\/\\\/www.dgq.de\\\/en\\\/products-and-services\\\/personal-certification\\\/#primaryimage\"},\"image\":{\"@id\":\"https:\\\/\\\/www.dgq.de\\\/en\\\/products-and-services\\\/personal-certification\\\/#primaryimage\"},\"thumbnailUrl\":\"https:\\\/\\\/www.dgq.de\\\/en\\\/wp-content\\\/uploads\\\/sites\\\/2\\\/2018\\\/09\\\/201306Personenzertifizierung.jpg\",\"datePublished\":\"2018-09-06T11:30:15+00:00\",\"dateModified\":\"2025-12-02T12:20:56+00:00\",\"breadcrumb\":{\"@id\":\"https:\\\/\\\/www.dgq.de\\\/en\\\/products-and-services\\\/personal-certification\\\/#breadcrumb\"},\"inLanguage\":\"en-US\",\"potentialAction\":[{\"@type\":\"ReadAction\",\"target\":[\"https:\\\/\\\/www.dgq.de\\\/en\\\/products-and-services\\\/personal-certification\\\/\"]}]},{\"@type\":\"ImageObject\",\"inLanguage\":\"en-US\",\"@id\":\"https:\\\/\\\/www.dgq.de\\\/en\\\/products-and-services\\\/personal-certification\\\/#primaryimage\",\"url\":\"https:\\\/\\\/www.dgq.de\\\/en\\\/wp-content\\\/uploads\\\/sites\\\/2\\\/2018\\\/09\\\/201306Personenzertifizierung.jpg\",\"contentUrl\":\"https:\\\/\\\/www.dgq.de\\\/en\\\/wp-content\\\/uploads\\\/sites\\\/2\\\/2018\\\/09\\\/201306Personenzertifizierung.jpg\",\"width\":940,\"height\":410},{\"@type\":\"BreadcrumbList\",\"@id\":\"https:\\\/\\\/www.dgq.de\\\/en\\\/products-and-services\\\/personal-certification\\\/#breadcrumb\",\"itemListElement\":[{\"@type\":\"ListItem\",\"position\":1,\"name\":\"Startseite\",\"item\":\"https:\\\/\\\/www.dgq.de\\\/en\\\/\"},{\"@type\":\"ListItem\",\"position\":2,\"name\":\"Products and Services\",\"item\":\"https:\\\/\\\/www.dgq.de\\\/en\\\/products-and-services\\\/\"},{\"@type\":\"ListItem\",\"position\":3,\"name\":\"Personal certification\"}]},{\"@type\":\"WebSite\",\"@id\":\"https:\\\/\\\/www.dgq.de\\\/en\\\/#website\",\"url\":\"https:\\\/\\\/www.dgq.de\\\/en\\\/\",\"name\":\"Deutsche Gesellschaft f\u00fcr Qualit\u00e4t\",\"description\":\"Deutsche Gesellschaft f\u00fcr Qualit\u00e4t\",\"potentialAction\":[{\"@type\":\"SearchAction\",\"target\":{\"@type\":\"EntryPoint\",\"urlTemplate\":\"https:\\\/\\\/www.dgq.de\\\/en\\\/?s={search_term_string}\"},\"query-input\":{\"@type\":\"PropertyValueSpecification\",\"valueRequired\":true,\"valueName\":\"search_term_string\"}}],\"inLanguage\":\"en-US\"}]}<\/script>\n<!-- \/ Yoast SEO Premium plugin. -->","yoast_head_json":{"title":"Personal certification - Deutsche Gesellschaft f\u00fcr Qualit\u00e4t","robots":{"index":"index","follow":"follow","max-snippet":"max-snippet:-1","max-image-preview":"max-image-preview:large","max-video-preview":"max-video-preview:-1"},"canonical":"https:\/\/www.dgq.de\/en\/products-and-services\/personal-certification\/","og_locale":"en_US","og_type":"article","og_title":"Personal certification","og_description":"The DGQ Personnel Certification Body \u2013 accredited according to ISO\/IEC 17024 and in the alliance with many national and international committees Annually the DGQ Personnel Certification Body awards more than 9,000 certificates accepted on the market. As the only national partner the DGQ Certification Body for Persons awards also certificates of the European Organization for Quality (EOQ) in Germany. These certificates are based on Europe-wide harmonised certification programmes. They are an internationally accepted proof of competence. Accepted, accredited certification body As certification body for management and quality specialists the DGQ is well-known and accepted, both nationally and internationally. It is certified according to ISO 9001 by the German Society for the Certification of Management Systems (DQS). Furthermore the DGQ Certification Body for Persons is accredited according to ISO\/IEC 17024 by the German Accreditation Body (DAkkS). Due to the high reputation of the DGQ certificates the independent DGQ Certification Body for Persons is a sought-after cooperation partner for external organisations, institutes, academies and universities.","og_url":"https:\/\/www.dgq.de\/en\/products-and-services\/personal-certification\/","og_site_name":"Deutsche Gesellschaft f\u00fcr Qualit\u00e4t","article_modified_time":"2025-12-02T12:20:56+00:00","og_image":[{"width":940,"height":410,"url":"https:\/\/www.dgq.de\/en\/wp-content\/uploads\/sites\/2\/2018\/09\/201306Personenzertifizierung.jpg","type":"image\/jpeg"}],"twitter_card":"summary_large_image","twitter_misc":{"Est. reading time":"1 minute"},"schema":{"@context":"https:\/\/schema.org","@graph":[{"@type":"WebPage","@id":"https:\/\/www.dgq.de\/en\/products-and-services\/personal-certification\/","url":"https:\/\/www.dgq.de\/en\/products-and-services\/personal-certification\/","name":"Personal certification - Deutsche Gesellschaft f\u00fcr Qualit\u00e4t","isPartOf":{"@id":"https:\/\/www.dgq.de\/en\/#website"},"primaryImageOfPage":{"@id":"https:\/\/www.dgq.de\/en\/products-and-services\/personal-certification\/#primaryimage"},"image":{"@id":"https:\/\/www.dgq.de\/en\/products-and-services\/personal-certification\/#primaryimage"},"thumbnailUrl":"https:\/\/www.dgq.de\/en\/wp-content\/uploads\/sites\/2\/2018\/09\/201306Personenzertifizierung.jpg","datePublished":"2018-09-06T11:30:15+00:00","dateModified":"2025-12-02T12:20:56+00:00","breadcrumb":{"@id":"https:\/\/www.dgq.de\/en\/products-and-services\/personal-certification\/#breadcrumb"},"inLanguage":"en-US","potentialAction":[{"@type":"ReadAction","target":["https:\/\/www.dgq.de\/en\/products-and-services\/personal-certification\/"]}]},{"@type":"ImageObject","inLanguage":"en-US","@id":"https:\/\/www.dgq.de\/en\/products-and-services\/personal-certification\/#primaryimage","url":"https:\/\/www.dgq.de\/en\/wp-content\/uploads\/sites\/2\/2018\/09\/201306Personenzertifizierung.jpg","contentUrl":"https:\/\/www.dgq.de\/en\/wp-content\/uploads\/sites\/2\/2018\/09\/201306Personenzertifizierung.jpg","width":940,"height":410},{"@type":"BreadcrumbList","@id":"https:\/\/www.dgq.de\/en\/products-and-services\/personal-certification\/#breadcrumb","itemListElement":[{"@type":"ListItem","position":1,"name":"Startseite","item":"https:\/\/www.dgq.de\/en\/"},{"@type":"ListItem","position":2,"name":"Products and Services","item":"https:\/\/www.dgq.de\/en\/products-and-services\/"},{"@type":"ListItem","position":3,"name":"Personal certification"}]},{"@type":"WebSite","@id":"https:\/\/www.dgq.de\/en\/#website","url":"https:\/\/www.dgq.de\/en\/","name":"Deutsche Gesellschaft f\u00fcr Qualit\u00e4t","description":"Deutsche Gesellschaft f\u00fcr Qualit\u00e4t","potentialAction":[{"@type":"SearchAction","target":{"@type":"EntryPoint","urlTemplate":"https:\/\/www.dgq.de\/en\/?s={search_term_string}"},"query-input":{"@type":"PropertyValueSpecification","valueRequired":true,"valueName":"search_term_string"}}],"inLanguage":"en-US"}]}},"_links":{"self":[{"href":"https:\/\/www.dgq.de\/en\/wp-json\/wp\/v2\/pages\/16831","targetHints":{"allow":["GET"]}}],"collection":[{"href":"https:\/\/www.dgq.de\/en\/wp-json\/wp\/v2\/pages"}],"about":[{"href":"https:\/\/www.dgq.de\/en\/wp-json\/wp\/v2\/types\/page"}],"author":[{"embeddable":true,"href":"https:\/\/www.dgq.de\/en\/wp-json\/wp\/v2\/users\/11"}],"replies":[{"embeddable":true,"href":"https:\/\/www.dgq.de\/en\/wp-json\/wp\/v2\/comments?post=16831"}],"version-history":[{"count":3,"href":"https:\/\/www.dgq.de\/en\/wp-json\/wp\/v2\/pages\/16831\/revisions"}],"predecessor-version":[{"id":17060,"href":"https:\/\/www.dgq.de\/en\/wp-json\/wp\/v2\/pages\/16831\/revisions\/17060"}],"wp:featuredmedia":[{"embeddable":true,"href":"https:\/\/www.dgq.de\/en\/wp-json\/wp\/v2\/media\/16832"}],"wp:attachment":[{"href":"https:\/\/www.dgq.de\/en\/wp-json\/wp\/v2\/media?parent=16831"}],"wp:term":[{"taxonomy":"post_tag","embeddable":true,"href":"https:\/\/www.dgq.de\/en\/wp-json\/wp\/v2\/tags?post=16831"}],"curies":[{"name":"wp","href":"https:\/\/api.w.org\/{rel}","templated":true}]}}