{"id":16828,"date":"2018-09-06T13:29:23","date_gmt":"2018-09-06T11:29:23","guid":{"rendered":"https:\/\/www.dgq.de\/en\/?page_id=16828"},"modified":"2025-11-24T15:36:06","modified_gmt":"2025-11-24T14:36:06","slug":"consulting-2","status":"publish","type":"page","link":"https:\/\/www.dgq.de\/en\/consulting\/consulting-2\/","title":{"rendered":"Consulting"},"content":{"rendered":"<p class=\"lead\">Combining <span class=\"cd-color\">individual solutions<\/span> to problems with innovative procedure<\/p>\n<p>Sectors and quality from A to Z: Beginning with specific consulting up to individual implementation with experienced experts \u2013 with the DGQ companies have the ideal partner at their side. From the practice for the practice!<\/p>\n<p>The DGQ consulting combines individual solutions to problems with innovative procedure by using its excellent connections, through the DGQ network, into the corporate practice.<\/p>\n<p><strong>We offer consulting in the following sectors:<\/strong><\/p>\n<ul>\n<li>Management systems<\/li>\n<li>Process optimisation<\/li>\n<li>Increase in efficiency<\/li>\n<li>Risk management<\/li>\n<li>Excellent organisations<\/li>\n<\/ul>\n<p>Are you interested in our consulting services? Send your enquiry!<\/p>\n<p><i class=\"fa fa-arrow-circle-right\"><\/i> <a href=\"https:\/\/www.dgq.de\/en\/contact-us\/?who=vertrieb\">Contact us &gt;&gt;<\/a><\/p>\n","protected":false},"excerpt":{"rendered":"<p>Combining individual solutions to problems with innovative procedure Sectors and quality from A to Z: Beginning with specific consulting up to individual implementation with experienced experts \u2013 with the DGQ companies have the ideal partner at their side. From the practice for the practice! The DGQ consulting combines individual solutions to problems with innovative procedure by using its excellent connections, through the DGQ network, into the corporate practice. We offer consulting in the following sectors: Management systems Process optimisation Increase in efficiency Risk management Excellent organisations Are you interested in our consulting services? Send your enquiry! Contact us &gt;&gt;<\/p>\n","protected":false},"author":11,"featured_media":16829,"parent":17160,"menu_order":4,"comment_status":"closed","ping_status":"closed","template":"","meta":{"_acf_changed":false,"episode_type":"","audio_file":"","podmotor_file_id":"","podmotor_episode_id":"","cover_image":"","cover_image_id":"","duration":"","filesize":"","filesize_raw":"","date_recorded":"","explicit":"","block":"","itunes_episode_number":"","itunes_title":"","itunes_season_number":"","itunes_episode_type":"","_glsr_average":0,"_glsr_ranking":0,"_glsr_reviews":0,"footnotes":""},"tags":[],"class_list":["post-16828","page","type-page","status-publish","has-post-thumbnail","hentry"],"acf":[],"yoast_head":"<!-- This site is optimized with the Yoast SEO Premium plugin v27.3 (Yoast SEO v27.3) - https:\/\/yoast.com\/product\/yoast-seo-premium-wordpress\/ -->\n<title>Consulting - Deutsche Gesellschaft f\u00fcr Qualit\u00e4t<\/title>\n<meta name=\"robots\" content=\"index, follow, max-snippet:-1, max-image-preview:large, max-video-preview:-1\" \/>\n<link rel=\"canonical\" href=\"https:\/\/www.dgq.de\/en\/consulting\/consulting-2\/\" \/>\n<meta property=\"og:locale\" content=\"en_US\" \/>\n<meta property=\"og:type\" content=\"article\" \/>\n<meta property=\"og:title\" content=\"Consulting\" \/>\n<meta property=\"og:description\" content=\"Combining individual solutions to problems with innovative procedure Sectors and quality from A to Z: Beginning with specific consulting up to individual implementation with experienced experts \u2013 with the DGQ companies have the ideal partner at their side. From the practice for the practice! The DGQ consulting combines individual solutions to problems with innovative procedure by using its excellent connections, through the DGQ network, into the corporate practice. We offer consulting in the following sectors: Management systems Process optimisation Increase in efficiency Risk management Excellent organisations Are you interested in our consulting services? Send your enquiry! Contact us &gt;&gt;\" \/>\n<meta property=\"og:url\" content=\"https:\/\/www.dgq.de\/en\/consulting\/consulting-2\/\" \/>\n<meta property=\"og:site_name\" content=\"Deutsche Gesellschaft f\u00fcr Qualit\u00e4t\" \/>\n<meta property=\"article:modified_time\" content=\"2025-11-24T14:36:06+00:00\" \/>\n<meta property=\"og:image\" content=\"https:\/\/www.dgq.de\/en\/wp-content\/uploads\/sites\/2\/2018\/09\/201606Beratung-1.jpg\" \/>\n\t<meta property=\"og:image:width\" content=\"940\" \/>\n\t<meta property=\"og:image:height\" content=\"410\" \/>\n\t<meta property=\"og:image:type\" content=\"image\/jpeg\" \/>\n<meta name=\"twitter:card\" content=\"summary_large_image\" \/>\n<script type=\"application\/ld+json\" class=\"yoast-schema-graph\">{\"@context\":\"https:\\\/\\\/schema.org\",\"@graph\":[{\"@type\":\"WebPage\",\"@id\":\"https:\\\/\\\/www.dgq.de\\\/en\\\/consulting\\\/consulting-2\\\/\",\"url\":\"https:\\\/\\\/www.dgq.de\\\/en\\\/consulting\\\/consulting-2\\\/\",\"name\":\"Consulting - Deutsche Gesellschaft f\u00fcr Qualit\u00e4t\",\"isPartOf\":{\"@id\":\"https:\\\/\\\/www.dgq.de\\\/en\\\/#website\"},\"primaryImageOfPage\":{\"@id\":\"https:\\\/\\\/www.dgq.de\\\/en\\\/consulting\\\/consulting-2\\\/#primaryimage\"},\"image\":{\"@id\":\"https:\\\/\\\/www.dgq.de\\\/en\\\/consulting\\\/consulting-2\\\/#primaryimage\"},\"thumbnailUrl\":\"https:\\\/\\\/www.dgq.de\\\/en\\\/wp-content\\\/uploads\\\/sites\\\/2\\\/2018\\\/09\\\/201606Beratung-1.jpg\",\"datePublished\":\"2018-09-06T11:29:23+00:00\",\"dateModified\":\"2025-11-24T14:36:06+00:00\",\"breadcrumb\":{\"@id\":\"https:\\\/\\\/www.dgq.de\\\/en\\\/consulting\\\/consulting-2\\\/#breadcrumb\"},\"inLanguage\":\"en-US\",\"potentialAction\":[{\"@type\":\"ReadAction\",\"target\":[\"https:\\\/\\\/www.dgq.de\\\/en\\\/consulting\\\/consulting-2\\\/\"]}]},{\"@type\":\"ImageObject\",\"inLanguage\":\"en-US\",\"@id\":\"https:\\\/\\\/www.dgq.de\\\/en\\\/consulting\\\/consulting-2\\\/#primaryimage\",\"url\":\"https:\\\/\\\/www.dgq.de\\\/en\\\/wp-content\\\/uploads\\\/sites\\\/2\\\/2018\\\/09\\\/201606Beratung-1.jpg\",\"contentUrl\":\"https:\\\/\\\/www.dgq.de\\\/en\\\/wp-content\\\/uploads\\\/sites\\\/2\\\/2018\\\/09\\\/201606Beratung-1.jpg\",\"width\":940,\"height\":410},{\"@type\":\"BreadcrumbList\",\"@id\":\"https:\\\/\\\/www.dgq.de\\\/en\\\/consulting\\\/consulting-2\\\/#breadcrumb\",\"itemListElement\":[{\"@type\":\"ListItem\",\"position\":1,\"name\":\"Startseite\",\"item\":\"https:\\\/\\\/www.dgq.de\\\/en\\\/\"},{\"@type\":\"ListItem\",\"position\":2,\"name\":\"Consulting\",\"item\":\"https:\\\/\\\/www.dgq.de\\\/en\\\/?page_id=17160\"},{\"@type\":\"ListItem\",\"position\":3,\"name\":\"Consulting\"}]},{\"@type\":\"WebSite\",\"@id\":\"https:\\\/\\\/www.dgq.de\\\/en\\\/#website\",\"url\":\"https:\\\/\\\/www.dgq.de\\\/en\\\/\",\"name\":\"Deutsche Gesellschaft f\u00fcr Qualit\u00e4t\",\"description\":\"Deutsche Gesellschaft f\u00fcr Qualit\u00e4t\",\"potentialAction\":[{\"@type\":\"SearchAction\",\"target\":{\"@type\":\"EntryPoint\",\"urlTemplate\":\"https:\\\/\\\/www.dgq.de\\\/en\\\/?s={search_term_string}\"},\"query-input\":{\"@type\":\"PropertyValueSpecification\",\"valueRequired\":true,\"valueName\":\"search_term_string\"}}],\"inLanguage\":\"en-US\"}]}<\/script>\n<!-- \/ Yoast SEO Premium plugin. -->","yoast_head_json":{"title":"Consulting - Deutsche Gesellschaft f\u00fcr Qualit\u00e4t","robots":{"index":"index","follow":"follow","max-snippet":"max-snippet:-1","max-image-preview":"max-image-preview:large","max-video-preview":"max-video-preview:-1"},"canonical":"https:\/\/www.dgq.de\/en\/consulting\/consulting-2\/","og_locale":"en_US","og_type":"article","og_title":"Consulting","og_description":"Combining individual solutions to problems with innovative procedure Sectors and quality from A to Z: Beginning with specific consulting up to individual implementation with experienced experts \u2013 with the DGQ companies have the ideal partner at their side. From the practice for the practice! The DGQ consulting combines individual solutions to problems with innovative procedure by using its excellent connections, through the DGQ network, into the corporate practice. We offer consulting in the following sectors: Management systems Process optimisation Increase in efficiency Risk management Excellent organisations Are you interested in our consulting services? Send your enquiry! Contact us &gt;&gt;","og_url":"https:\/\/www.dgq.de\/en\/consulting\/consulting-2\/","og_site_name":"Deutsche Gesellschaft f\u00fcr Qualit\u00e4t","article_modified_time":"2025-11-24T14:36:06+00:00","og_image":[{"width":940,"height":410,"url":"https:\/\/www.dgq.de\/en\/wp-content\/uploads\/sites\/2\/2018\/09\/201606Beratung-1.jpg","type":"image\/jpeg"}],"twitter_card":"summary_large_image","schema":{"@context":"https:\/\/schema.org","@graph":[{"@type":"WebPage","@id":"https:\/\/www.dgq.de\/en\/consulting\/consulting-2\/","url":"https:\/\/www.dgq.de\/en\/consulting\/consulting-2\/","name":"Consulting - Deutsche Gesellschaft f\u00fcr Qualit\u00e4t","isPartOf":{"@id":"https:\/\/www.dgq.de\/en\/#website"},"primaryImageOfPage":{"@id":"https:\/\/www.dgq.de\/en\/consulting\/consulting-2\/#primaryimage"},"image":{"@id":"https:\/\/www.dgq.de\/en\/consulting\/consulting-2\/#primaryimage"},"thumbnailUrl":"https:\/\/www.dgq.de\/en\/wp-content\/uploads\/sites\/2\/2018\/09\/201606Beratung-1.jpg","datePublished":"2018-09-06T11:29:23+00:00","dateModified":"2025-11-24T14:36:06+00:00","breadcrumb":{"@id":"https:\/\/www.dgq.de\/en\/consulting\/consulting-2\/#breadcrumb"},"inLanguage":"en-US","potentialAction":[{"@type":"ReadAction","target":["https:\/\/www.dgq.de\/en\/consulting\/consulting-2\/"]}]},{"@type":"ImageObject","inLanguage":"en-US","@id":"https:\/\/www.dgq.de\/en\/consulting\/consulting-2\/#primaryimage","url":"https:\/\/www.dgq.de\/en\/wp-content\/uploads\/sites\/2\/2018\/09\/201606Beratung-1.jpg","contentUrl":"https:\/\/www.dgq.de\/en\/wp-content\/uploads\/sites\/2\/2018\/09\/201606Beratung-1.jpg","width":940,"height":410},{"@type":"BreadcrumbList","@id":"https:\/\/www.dgq.de\/en\/consulting\/consulting-2\/#breadcrumb","itemListElement":[{"@type":"ListItem","position":1,"name":"Startseite","item":"https:\/\/www.dgq.de\/en\/"},{"@type":"ListItem","position":2,"name":"Consulting","item":"https:\/\/www.dgq.de\/en\/?page_id=17160"},{"@type":"ListItem","position":3,"name":"Consulting"}]},{"@type":"WebSite","@id":"https:\/\/www.dgq.de\/en\/#website","url":"https:\/\/www.dgq.de\/en\/","name":"Deutsche Gesellschaft f\u00fcr Qualit\u00e4t","description":"Deutsche Gesellschaft f\u00fcr Qualit\u00e4t","potentialAction":[{"@type":"SearchAction","target":{"@type":"EntryPoint","urlTemplate":"https:\/\/www.dgq.de\/en\/?s={search_term_string}"},"query-input":{"@type":"PropertyValueSpecification","valueRequired":true,"valueName":"search_term_string"}}],"inLanguage":"en-US"}]}},"_links":{"self":[{"href":"https:\/\/www.dgq.de\/en\/wp-json\/wp\/v2\/pages\/16828","targetHints":{"allow":["GET"]}}],"collection":[{"href":"https:\/\/www.dgq.de\/en\/wp-json\/wp\/v2\/pages"}],"about":[{"href":"https:\/\/www.dgq.de\/en\/wp-json\/wp\/v2\/types\/page"}],"author":[{"embeddable":true,"href":"https:\/\/www.dgq.de\/en\/wp-json\/wp\/v2\/users\/11"}],"replies":[{"embeddable":true,"href":"https:\/\/www.dgq.de\/en\/wp-json\/wp\/v2\/comments?post=16828"}],"version-history":[{"count":3,"href":"https:\/\/www.dgq.de\/en\/wp-json\/wp\/v2\/pages\/16828\/revisions"}],"predecessor-version":[{"id":17047,"href":"https:\/\/www.dgq.de\/en\/wp-json\/wp\/v2\/pages\/16828\/revisions\/17047"}],"up":[{"embeddable":true,"href":"https:\/\/www.dgq.de\/en\/wp-json\/wp\/v2\/pages\/17160"}],"wp:featuredmedia":[{"embeddable":true,"href":"https:\/\/www.dgq.de\/en\/wp-json\/wp\/v2\/media\/16829"}],"wp:attachment":[{"href":"https:\/\/www.dgq.de\/en\/wp-json\/wp\/v2\/media?parent=16828"}],"wp:term":[{"taxonomy":"post_tag","embeddable":true,"href":"https:\/\/www.dgq.de\/en\/wp-json\/wp\/v2\/tags?post=16828"}],"curies":[{"name":"wp","href":"https:\/\/api.w.org\/{rel}","templated":true}]}}