{"id":16819,"date":"2018-09-06T13:29:37","date_gmt":"2018-09-06T11:29:37","guid":{"rendered":"https:\/\/www.dgq.de\/en\/?page_id=16819"},"modified":"2025-11-24T14:30:26","modified_gmt":"2025-11-24T13:30:26","slug":"onsite-training","status":"publish","type":"page","link":"https:\/\/www.dgq.de\/en\/trainings\/onsite-training\/","title":{"rendered":"Onsite training"},"content":{"rendered":"<p class=\"lead\">Building up and developing the <span class=\"cd-color\">competencies of specialists and managers<\/span> in a future-oriented way.<\/p>\n<p>The onsite trainings offered by the DGQ support companies in building up and developing the competencies of specialists and managers in a future-oriented way. They benefit from trainers and experts with practical experience, tailor-made contents and a professional all-in service. For the DGQ the employees of its customers are in the focus \u2013 whenever and wherever they need the DGQ.<\/p>\n<p><strong>This offer is also available in English and includes the following:<\/strong><\/p>\n<ul>\n<li>Diverse topics and holistic approaches<\/li>\n<li>Innovative concepts and training methods<\/li>\n<li>Excellent trainers from all sectors<\/li>\n<li>Tailor-made all-in service<\/li>\n<li>Professional procedure \u2013 beginning with the requirements specification up to the realisation<\/li>\n<\/ul>\n<h2>Five good reasons for a DGQ onsite training<\/h2>\n<ul>\n<li><strong>Diverse<\/strong>: The DGQ Weiterbildung adapts the training to the specific customer needs \u2013 and builds upon the experience from about 600 performed in-house trainings per year.<\/li>\n<li><strong>Focussed: <\/strong>We concentrate on the point \u2013 and keep an eye on the smooth transfer of the theory into the work routine.<\/li>\n<li><strong>Practice-oriented: <\/strong>We aim the contents to the daily challenges of your employees. First-class trainers and experts tackle the company situation and the role of the learner in the training and support practicable solutions.<\/li>\n<li><strong>Holistic<\/strong>: We convince you with a professional all-in service for the organisation of your trainings \u2013 from the idea, through the implementation up to the realisation in your company.<\/li>\n<li><strong>Qualified: <\/strong>We guarantee a high quality of the trainers, which we ensure by a strict selection procedure and a continuous further development of our experts. Only the best will start for you.<\/li>\n<\/ul>\n<p>Are you interested in our onsite training offerings? Send your enquiry!<\/p>\n<p><i class=\"fa fa-arrow-circle-right\"><\/i> <a href=\"https:\/\/www.dgq.de\/en\/contact-us\/?who=vertrieb\">Contact us &gt;&gt;<\/a><\/p>\n","protected":false},"excerpt":{"rendered":"<p>Building up and developing the competencies of specialists and managers in a future-oriented way. The onsite trainings offered by the DGQ support companies in building up and developing the competencies of specialists and managers in a future-oriented way. They benefit from trainers and experts with practical experience, tailor-made contents and a professional all-in service. For the DGQ the employees of its customers are in the focus \u2013 whenever and wherever they need the DGQ. This offer is also available in English and includes the following: Diverse topics and holistic approaches Innovative concepts and training methods Excellent trainers from all sectors Tailor-made all-in service Professional procedure \u2013 beginning with the requirements specification up to the realisation Five good reasons for a DGQ onsite training Diverse: The DGQ Weiterbildung adapts the training to the specific customer needs \u2013 and builds upon the experience from about 600 performed in-house trainings per year. Focussed: We concentrate on the point \u2013 and keep an eye on the smooth transfer of the theory into the work routine. Practice-oriented: We aim the contents to the daily challenges of your employees. First-class trainers and experts tackle the company situation and the role of the learner in the training [&hellip;]<\/p>\n","protected":false},"author":11,"featured_media":16820,"parent":16898,"menu_order":2,"comment_status":"closed","ping_status":"closed","template":"","meta":{"_acf_changed":false,"episode_type":"","audio_file":"","podmotor_file_id":"","podmotor_episode_id":"","cover_image":"","cover_image_id":"","duration":"","filesize":"","filesize_raw":"","date_recorded":"","explicit":"","block":"","itunes_episode_number":"","itunes_title":"","itunes_season_number":"","itunes_episode_type":"","_glsr_average":0,"_glsr_ranking":0,"_glsr_reviews":0,"footnotes":""},"tags":[],"class_list":["post-16819","page","type-page","status-publish","has-post-thumbnail","hentry"],"acf":[],"yoast_head":"<!-- This site is optimized with the Yoast SEO Premium plugin v27.3 (Yoast SEO v27.3) - https:\/\/yoast.com\/product\/yoast-seo-premium-wordpress\/ -->\n<title>Onsite training - Deutsche Gesellschaft f\u00fcr Qualit\u00e4t<\/title>\n<meta name=\"robots\" content=\"index, follow, max-snippet:-1, max-image-preview:large, max-video-preview:-1\" \/>\n<link rel=\"canonical\" href=\"https:\/\/www.dgq.de\/en\/trainings\/onsite-training\/\" \/>\n<meta property=\"og:locale\" content=\"en_US\" \/>\n<meta property=\"og:type\" content=\"article\" \/>\n<meta property=\"og:title\" content=\"Onsite training\" \/>\n<meta property=\"og:description\" content=\"Building up and developing the competencies of specialists and managers in a future-oriented way. The onsite trainings offered by the DGQ support companies in building up and developing the competencies of specialists and managers in a future-oriented way. They benefit from trainers and experts with practical experience, tailor-made contents and a professional all-in service. For the DGQ the employees of its customers are in the focus \u2013 whenever and wherever they need the DGQ. This offer is also available in English and includes the following: Diverse topics and holistic approaches Innovative concepts and training methods Excellent trainers from all sectors Tailor-made all-in service Professional procedure \u2013 beginning with the requirements specification up to the realisation Five good reasons for a DGQ onsite training Diverse: The DGQ Weiterbildung adapts the training to the specific customer needs \u2013 and builds upon the experience from about 600 performed in-house trainings per year. Focussed: We concentrate on the point \u2013 and keep an eye on the smooth transfer of the theory into the work routine. Practice-oriented: We aim the contents to the daily challenges of your employees. First-class trainers and experts tackle the company situation and the role of the learner in the training [&hellip;]\" \/>\n<meta property=\"og:url\" content=\"https:\/\/www.dgq.de\/en\/trainings\/onsite-training\/\" \/>\n<meta property=\"og:site_name\" content=\"Deutsche Gesellschaft f\u00fcr Qualit\u00e4t\" \/>\n<meta property=\"article:modified_time\" content=\"2025-11-24T13:30:26+00:00\" \/>\n<meta property=\"og:image\" content=\"https:\/\/www.dgq.de\/en\/wp-content\/uploads\/sites\/2\/2018\/09\/201807Team-Inhouse.jpg\" \/>\n\t<meta property=\"og:image:width\" content=\"940\" \/>\n\t<meta property=\"og:image:height\" content=\"410\" \/>\n\t<meta property=\"og:image:type\" content=\"image\/jpeg\" \/>\n<meta name=\"twitter:card\" content=\"summary_large_image\" \/>\n<meta name=\"twitter:label1\" content=\"Est. reading time\" \/>\n\t<meta name=\"twitter:data1\" content=\"1 minute\" \/>\n<script type=\"application\/ld+json\" class=\"yoast-schema-graph\">{\"@context\":\"https:\\\/\\\/schema.org\",\"@graph\":[{\"@type\":\"WebPage\",\"@id\":\"https:\\\/\\\/www.dgq.de\\\/en\\\/trainings\\\/onsite-training\\\/\",\"url\":\"https:\\\/\\\/www.dgq.de\\\/en\\\/trainings\\\/onsite-training\\\/\",\"name\":\"Onsite training - Deutsche Gesellschaft f\u00fcr Qualit\u00e4t\",\"isPartOf\":{\"@id\":\"https:\\\/\\\/www.dgq.de\\\/en\\\/#website\"},\"primaryImageOfPage\":{\"@id\":\"https:\\\/\\\/www.dgq.de\\\/en\\\/trainings\\\/onsite-training\\\/#primaryimage\"},\"image\":{\"@id\":\"https:\\\/\\\/www.dgq.de\\\/en\\\/trainings\\\/onsite-training\\\/#primaryimage\"},\"thumbnailUrl\":\"https:\\\/\\\/www.dgq.de\\\/en\\\/wp-content\\\/uploads\\\/sites\\\/2\\\/2018\\\/09\\\/201807Team-Inhouse.jpg\",\"datePublished\":\"2018-09-06T11:29:37+00:00\",\"dateModified\":\"2025-11-24T13:30:26+00:00\",\"breadcrumb\":{\"@id\":\"https:\\\/\\\/www.dgq.de\\\/en\\\/trainings\\\/onsite-training\\\/#breadcrumb\"},\"inLanguage\":\"en-US\",\"potentialAction\":[{\"@type\":\"ReadAction\",\"target\":[\"https:\\\/\\\/www.dgq.de\\\/en\\\/trainings\\\/onsite-training\\\/\"]}]},{\"@type\":\"ImageObject\",\"inLanguage\":\"en-US\",\"@id\":\"https:\\\/\\\/www.dgq.de\\\/en\\\/trainings\\\/onsite-training\\\/#primaryimage\",\"url\":\"https:\\\/\\\/www.dgq.de\\\/en\\\/wp-content\\\/uploads\\\/sites\\\/2\\\/2018\\\/09\\\/201807Team-Inhouse.jpg\",\"contentUrl\":\"https:\\\/\\\/www.dgq.de\\\/en\\\/wp-content\\\/uploads\\\/sites\\\/2\\\/2018\\\/09\\\/201807Team-Inhouse.jpg\",\"width\":940,\"height\":410},{\"@type\":\"BreadcrumbList\",\"@id\":\"https:\\\/\\\/www.dgq.de\\\/en\\\/trainings\\\/onsite-training\\\/#breadcrumb\",\"itemListElement\":[{\"@type\":\"ListItem\",\"position\":1,\"name\":\"Startseite\",\"item\":\"https:\\\/\\\/www.dgq.de\\\/en\\\/\"},{\"@type\":\"ListItem\",\"position\":2,\"name\":\"Trainings\",\"item\":\"https:\\\/\\\/www.dgq.de\\\/en\\\/trainings\\\/\"},{\"@type\":\"ListItem\",\"position\":3,\"name\":\"Onsite training\"}]},{\"@type\":\"WebSite\",\"@id\":\"https:\\\/\\\/www.dgq.de\\\/en\\\/#website\",\"url\":\"https:\\\/\\\/www.dgq.de\\\/en\\\/\",\"name\":\"Deutsche Gesellschaft f\u00fcr Qualit\u00e4t\",\"description\":\"Deutsche Gesellschaft f\u00fcr Qualit\u00e4t\",\"potentialAction\":[{\"@type\":\"SearchAction\",\"target\":{\"@type\":\"EntryPoint\",\"urlTemplate\":\"https:\\\/\\\/www.dgq.de\\\/en\\\/?s={search_term_string}\"},\"query-input\":{\"@type\":\"PropertyValueSpecification\",\"valueRequired\":true,\"valueName\":\"search_term_string\"}}],\"inLanguage\":\"en-US\"}]}<\/script>\n<!-- \/ Yoast SEO Premium plugin. -->","yoast_head_json":{"title":"Onsite training - Deutsche Gesellschaft f\u00fcr Qualit\u00e4t","robots":{"index":"index","follow":"follow","max-snippet":"max-snippet:-1","max-image-preview":"max-image-preview:large","max-video-preview":"max-video-preview:-1"},"canonical":"https:\/\/www.dgq.de\/en\/trainings\/onsite-training\/","og_locale":"en_US","og_type":"article","og_title":"Onsite training","og_description":"Building up and developing the competencies of specialists and managers in a future-oriented way. The onsite trainings offered by the DGQ support companies in building up and developing the competencies of specialists and managers in a future-oriented way. They benefit from trainers and experts with practical experience, tailor-made contents and a professional all-in service. For the DGQ the employees of its customers are in the focus \u2013 whenever and wherever they need the DGQ. This offer is also available in English and includes the following: Diverse topics and holistic approaches Innovative concepts and training methods Excellent trainers from all sectors Tailor-made all-in service Professional procedure \u2013 beginning with the requirements specification up to the realisation Five good reasons for a DGQ onsite training Diverse: The DGQ Weiterbildung adapts the training to the specific customer needs \u2013 and builds upon the experience from about 600 performed in-house trainings per year. Focussed: We concentrate on the point \u2013 and keep an eye on the smooth transfer of the theory into the work routine. Practice-oriented: We aim the contents to the daily challenges of your employees. First-class trainers and experts tackle the company situation and the role of the learner in the training [&hellip;]","og_url":"https:\/\/www.dgq.de\/en\/trainings\/onsite-training\/","og_site_name":"Deutsche Gesellschaft f\u00fcr Qualit\u00e4t","article_modified_time":"2025-11-24T13:30:26+00:00","og_image":[{"width":940,"height":410,"url":"https:\/\/www.dgq.de\/en\/wp-content\/uploads\/sites\/2\/2018\/09\/201807Team-Inhouse.jpg","type":"image\/jpeg"}],"twitter_card":"summary_large_image","twitter_misc":{"Est. reading time":"1 minute"},"schema":{"@context":"https:\/\/schema.org","@graph":[{"@type":"WebPage","@id":"https:\/\/www.dgq.de\/en\/trainings\/onsite-training\/","url":"https:\/\/www.dgq.de\/en\/trainings\/onsite-training\/","name":"Onsite training - Deutsche Gesellschaft f\u00fcr Qualit\u00e4t","isPartOf":{"@id":"https:\/\/www.dgq.de\/en\/#website"},"primaryImageOfPage":{"@id":"https:\/\/www.dgq.de\/en\/trainings\/onsite-training\/#primaryimage"},"image":{"@id":"https:\/\/www.dgq.de\/en\/trainings\/onsite-training\/#primaryimage"},"thumbnailUrl":"https:\/\/www.dgq.de\/en\/wp-content\/uploads\/sites\/2\/2018\/09\/201807Team-Inhouse.jpg","datePublished":"2018-09-06T11:29:37+00:00","dateModified":"2025-11-24T13:30:26+00:00","breadcrumb":{"@id":"https:\/\/www.dgq.de\/en\/trainings\/onsite-training\/#breadcrumb"},"inLanguage":"en-US","potentialAction":[{"@type":"ReadAction","target":["https:\/\/www.dgq.de\/en\/trainings\/onsite-training\/"]}]},{"@type":"ImageObject","inLanguage":"en-US","@id":"https:\/\/www.dgq.de\/en\/trainings\/onsite-training\/#primaryimage","url":"https:\/\/www.dgq.de\/en\/wp-content\/uploads\/sites\/2\/2018\/09\/201807Team-Inhouse.jpg","contentUrl":"https:\/\/www.dgq.de\/en\/wp-content\/uploads\/sites\/2\/2018\/09\/201807Team-Inhouse.jpg","width":940,"height":410},{"@type":"BreadcrumbList","@id":"https:\/\/www.dgq.de\/en\/trainings\/onsite-training\/#breadcrumb","itemListElement":[{"@type":"ListItem","position":1,"name":"Startseite","item":"https:\/\/www.dgq.de\/en\/"},{"@type":"ListItem","position":2,"name":"Trainings","item":"https:\/\/www.dgq.de\/en\/trainings\/"},{"@type":"ListItem","position":3,"name":"Onsite training"}]},{"@type":"WebSite","@id":"https:\/\/www.dgq.de\/en\/#website","url":"https:\/\/www.dgq.de\/en\/","name":"Deutsche Gesellschaft f\u00fcr Qualit\u00e4t","description":"Deutsche Gesellschaft f\u00fcr Qualit\u00e4t","potentialAction":[{"@type":"SearchAction","target":{"@type":"EntryPoint","urlTemplate":"https:\/\/www.dgq.de\/en\/?s={search_term_string}"},"query-input":{"@type":"PropertyValueSpecification","valueRequired":true,"valueName":"search_term_string"}}],"inLanguage":"en-US"}]}},"_links":{"self":[{"href":"https:\/\/www.dgq.de\/en\/wp-json\/wp\/v2\/pages\/16819","targetHints":{"allow":["GET"]}}],"collection":[{"href":"https:\/\/www.dgq.de\/en\/wp-json\/wp\/v2\/pages"}],"about":[{"href":"https:\/\/www.dgq.de\/en\/wp-json\/wp\/v2\/types\/page"}],"author":[{"embeddable":true,"href":"https:\/\/www.dgq.de\/en\/wp-json\/wp\/v2\/users\/11"}],"replies":[{"embeddable":true,"href":"https:\/\/www.dgq.de\/en\/wp-json\/wp\/v2\/comments?post=16819"}],"version-history":[{"count":4,"href":"https:\/\/www.dgq.de\/en\/wp-json\/wp\/v2\/pages\/16819\/revisions"}],"predecessor-version":[{"id":17044,"href":"https:\/\/www.dgq.de\/en\/wp-json\/wp\/v2\/pages\/16819\/revisions\/17044"}],"up":[{"embeddable":true,"href":"https:\/\/www.dgq.de\/en\/wp-json\/wp\/v2\/pages\/16898"}],"wp:featuredmedia":[{"embeddable":true,"href":"https:\/\/www.dgq.de\/en\/wp-json\/wp\/v2\/media\/16820"}],"wp:attachment":[{"href":"https:\/\/www.dgq.de\/en\/wp-json\/wp\/v2\/media?parent=16819"}],"wp:term":[{"taxonomy":"post_tag","embeddable":true,"href":"https:\/\/www.dgq.de\/en\/wp-json\/wp\/v2\/tags?post=16819"}],"curies":[{"name":"wp","href":"https:\/\/api.w.org\/{rel}","templated":true}]}}